{"id":3723,"date":"2018-10-24T13:01:36","date_gmt":"2018-10-24T13:01:36","guid":{"rendered":"https:\/\/www.bancoalimentostfe.org\/nueva\/?page_id=3723"},"modified":"2018-10-24T14:27:14","modified_gmt":"2018-10-24T14:27:14","slug":"colaborar-empresa","status":"publish","type":"page","link":"https:\/\/www.bancoalimentostfe.org\/nueva\/colaborar-empresa\/","title":{"rendered":"Colaborar empresa"},"content":{"rendered":"<h4><span style=\"color: #274597;\"><strong>COLABORAR<\/strong><\/span><\/h4>\n<p><img loading=\"lazy\" decoding=\"async\" class=\"aligncenter wp-image-3733\" src=\"https:\/\/www.bancoalimentostfe.org\/nueva\/wp-content\/uploads\/2018\/10\/plantar-600x400.jpg\" alt=\"\" width=\"550\" height=\"367\" srcset=\"https:\/\/www.bancoalimentostfe.org\/nueva\/wp-content\/uploads\/2018\/10\/plantar-600x400.jpg 600w, https:\/\/www.bancoalimentostfe.org\/nueva\/wp-content\/uploads\/2018\/10\/plantar-300x200.jpg 300w, https:\/\/www.bancoalimentostfe.org\/nueva\/wp-content\/uploads\/2018\/10\/plantar.jpg 626w\" sizes=\"auto, (max-width: 550px) 100vw, 550px\" \/><\/p>\n<ul>\n<li style=\"list-style-type: none;\"><\/li>\n<li style=\"list-style-type: none;\">\n<h4>Qui\u00e9nes colaboran con El Banco<\/h4>\n<ul>\n<li>Las industrias agroalimentarias, con todo tipo de alimentos.<\/li>\n<li>Los asentadores de Mercatenerife con alimentos excedentes de consumo inmediato.<\/li>\n<li>Los distribuidores, plataformas log\u00edsticas, hipermercados, con alimentos excedentes no perecederos.<\/li>\n<li>Los clientes de hipermercados y supermercados, colaborando en las Operaciones Kilo.<\/li>\n<li>Los alumnos de instituciones educativas, organizando colectas de alimentos no perecederos y Operaciones Kilo.<\/li>\n<li>\u00a0Empresas en general realizando Operaciones Kilo entre sus empleados.<\/li>\n<\/ul>\n<\/li>\n<li style=\"list-style-type: none;\">\n<h4>Donaci\u00f3n de Bienes Y Servicios<\/h4>\n<ul>\n<li>Las empresas de transporte, mediante la prestaci\u00f3n gratuita del transporte de alimentos desde el donante a los almacenes del Banco de Alimentos de Tenerife.<\/li>\n<li>Las empresas de paqueter\u00eda, mediante el env\u00edo de documentaci\u00f3n y recogida de alimentos en los colegios y centros donde se realicen Operaciones Kilo.<\/li>\n<li>Las empresas en general y seg\u00fan su actividad, donando material de uso habitual en almacenes y oficinas, desde folios, a embalajes, vestuario y equipo de seguridad, etc.<\/li>\n<\/ul>\n<\/li>\n<li style=\"list-style-type: none;\">\n<h4>Donaci\u00f3n Econ\u00f3mica<\/h4>\n<ul>\n<li>Realizando un ingreso a nombre del Banco de Alimentos de Tenerife.<\/li>\n<\/ul>\n<\/li>\n<li style=\"list-style-type: none;\">Para m\u00e1s informaci\u00f3n p\u00f3ngase en contacto a trav\u00e9s del siguiente formulario:\n<p><div role=\"form\" class=\"wpcf7\" id=\"wpcf7-f3728-o1\" lang=\"es-ES\" dir=\"ltr\">\n<div class=\"screen-reader-response\"><\/div>\n<form action=\"\/nueva\/wp-json\/wp\/v2\/pages\/3723#wpcf7-f3728-o1\" method=\"post\" class=\"wpcf7-form\" novalidate=\"novalidate\">\n<div style=\"display: none;\">\n<input type=\"hidden\" name=\"_wpcf7\" value=\"3728\" \/>\n<input type=\"hidden\" name=\"_wpcf7_version\" value=\"5.0.3\" \/>\n<input type=\"hidden\" name=\"_wpcf7_locale\" value=\"es_ES\" \/>\n<input type=\"hidden\" name=\"_wpcf7_unit_tag\" value=\"wpcf7-f3728-o1\" \/>\n<input type=\"hidden\" name=\"_wpcf7_container_post\" value=\"0\" \/>\n<\/div>\n<p><label> Tu nombre (requerido)<br \/>\n    <span class=\"wpcf7-form-control-wrap your-name\"><input type=\"text\" name=\"your-name\" value=\"\" size=\"40\" class=\"wpcf7-form-control wpcf7-text wpcf7-validates-as-required\" aria-required=\"true\" aria-invalid=\"false\" \/><\/span> <\/label><\/p>\n<p><label> Tu correo electr\u00f3nico (requerido)<br \/>\n    <span class=\"wpcf7-form-control-wrap your-email\"><input type=\"email\" name=\"your-email\" value=\"\" size=\"40\" class=\"wpcf7-form-control wpcf7-text wpcf7-email wpcf7-validates-as-required wpcf7-validates-as-email\" aria-required=\"true\" aria-invalid=\"false\" \/><\/span> <\/label><\/p>\n<p><label> Asunto<br \/>\n    <span class=\"wpcf7-form-control-wrap your-subject\"><input type=\"text\" name=\"your-subject\" value=\"\" size=\"40\" class=\"wpcf7-form-control wpcf7-text\" aria-invalid=\"false\" \/><\/span> <\/label><\/p>\n<p><label> Tu mensaje<br \/>\n    <span class=\"wpcf7-form-control-wrap your-message\"><textarea name=\"your-message\" cols=\"40\" rows=\"10\" class=\"wpcf7-form-control wpcf7-textarea\" aria-invalid=\"false\"><\/textarea><\/span> <\/label><\/p>\n<p><span class=\"wpcf7-form-control-wrap acceptance-934\"><span class=\"wpcf7-form-control wpcf7-acceptance\"><span class=\"wpcf7-list-item\"><label><input type=\"checkbox\" name=\"acceptance-934\" value=\"1\" aria-invalid=\"false\" \/><span class=\"wpcf7-list-item-label\">Acepto la <a href=\"https:\/\/www.bancoalimentostfe.org\/nueva\/politica-de-privacidad\/\" target=\"_blank\">pol\u00edtica de privacidad<\/a><\/span><\/label><\/span><\/span><\/span><\/p>\n<p><input type=\"submit\" value=\"Enviar\" class=\"wpcf7-form-control wpcf7-submit\" \/><\/p>\n<div class=\"wpcf7-response-output wpcf7-display-none\"><\/div><\/form><\/div><\/li>\n<\/ul>\n","protected":false},"excerpt":{"rendered":"<p>COLABORAR Qui\u00e9nes colaboran con El Banco Las industrias agroalimentarias, con todo tipo de alimentos. Los asentadores de Mercatenerife con alimentos excedentes de consumo inmediato. Los distribuidores, plataformas log\u00edsticas, hipermercados, con alimentos excedentes no perecederos. Los clientes de hipermercados y supermercados, colaborando en las Operaciones Kilo. Los alumnos de instituciones educativas, organizando colectas de alimentos no perecederos y Operaciones Kilo. \u00a0Empresas en general realizando Operaciones Kilo entre sus empleados. Donaci\u00f3n de Bienes Y Servicios Las empresas de transporte, mediante la prestaci\u00f3n&hellip;<\/p>\n","protected":false},"author":1,"featured_media":0,"parent":0,"menu_order":0,"comment_status":"closed","ping_status":"closed","template":"","meta":{"footnotes":""},"class_list":["post-3723","page","type-page","status-publish","hentry"],"_links":{"self":[{"href":"https:\/\/www.bancoalimentostfe.org\/nueva\/wp-json\/wp\/v2\/pages\/3723","targetHints":{"allow":["GET"]}}],"collection":[{"href":"https:\/\/www.bancoalimentostfe.org\/nueva\/wp-json\/wp\/v2\/pages"}],"about":[{"href":"https:\/\/www.bancoalimentostfe.org\/nueva\/wp-json\/wp\/v2\/types\/page"}],"author":[{"embeddable":true,"href":"https:\/\/www.bancoalimentostfe.org\/nueva\/wp-json\/wp\/v2\/users\/1"}],"replies":[{"embeddable":true,"href":"https:\/\/www.bancoalimentostfe.org\/nueva\/wp-json\/wp\/v2\/comments?post=3723"}],"version-history":[{"count":13,"href":"https:\/\/www.bancoalimentostfe.org\/nueva\/wp-json\/wp\/v2\/pages\/3723\/revisions"}],"predecessor-version":[{"id":3741,"href":"https:\/\/www.bancoalimentostfe.org\/nueva\/wp-json\/wp\/v2\/pages\/3723\/revisions\/3741"}],"wp:attachment":[{"href":"https:\/\/www.bancoalimentostfe.org\/nueva\/wp-json\/wp\/v2\/media?parent=3723"}],"curies":[{"name":"wp","href":"https:\/\/api.w.org\/{rel}","templated":true}]}}