{"id":3731,"date":"2018-10-24T14:12:39","date_gmt":"2018-10-24T14:12:39","guid":{"rendered":"https:\/\/www.bancoalimentostfe.org\/nueva\/?page_id=3731"},"modified":"2018-11-19T16:23:59","modified_gmt":"2018-11-19T16:23:59","slug":"ventajas-fiscales","status":"publish","type":"page","link":"https:\/\/www.bancoalimentostfe.org\/nueva\/ventajas-fiscales\/","title":{"rendered":"Ventajas fiscales"},"content":{"rendered":"<p>De acuerdo con lo indicado en el art\u00edculo 16 y ss. de la Ley 49\/2002, de 23 de diciembre, los donativos dinerarios, donaciones y aportaciones realizadas a Entidades sin Fines Lucrativos, como es el caso del Banco de Alimentos de Madrid, gozar\u00e1n de los incentivos fiscales que en la citada ley se indican.<\/p>\n<p>La Ley 27\/2014, de 27 de noviembre, introduce modificaciones, con efectos desde uno de enero de 2015, que afectan al porcentaje de deducciones aplicables y estimula la fidelizaci\u00f3n de las donaciones realizadas, tanto por personas f\u00edsicas como por personas jur\u00eddicas.<\/p>\n<p><a href=\"https:\/\/www.bancoalimentostfe.org\/nueva\/wp-content\/uploads\/2018\/11\/incentivos-mecenazgo-copia.pdf\" target=\"_blank\" rel=\"noopener\">Incentivos al Mecenazgo<\/a><\/p>\n<p><a href=\"https:\/\/www.boe.es\/boe\/dias\/2002\/12\/24\/pdfs\/A45229-45243.pdf\" target=\"_blank\" rel=\"noopener\">Ley 49\/2002<\/a><\/p>\n<p><a href=\"http:\/\/www.agenciatributaria.es\/static_files\/AEAT\/Contenidos_Comunes\/La_Agencia_Tributaria\/Segmentos_Usuarios\/Empresas_y_profesionales\/Impuesto_sociedades\/Novedades_Impuesto_Sociedades_publicadas_2014\/Comparativa_Sociedades_dic.pdf\" target=\"_blank\" rel=\"noopener\">Ley 27\/2014<\/a><\/p>\n","protected":false},"excerpt":{"rendered":"<p>De acuerdo con lo indicado en el art\u00edculo 16 y ss. de la Ley 49\/2002, de 23 de diciembre, los donativos dinerarios, donaciones y aportaciones realizadas a Entidades sin Fines Lucrativos, como es el caso del Banco de Alimentos de Madrid, gozar\u00e1n de los incentivos fiscales que en la citada ley se indican. La Ley 27\/2014, de 27 de noviembre, introduce modificaciones, con efectos desde uno de enero de 2015, que afectan al porcentaje de deducciones aplicables y estimula la&hellip;<\/p>\n","protected":false},"author":1,"featured_media":0,"parent":0,"menu_order":0,"comment_status":"closed","ping_status":"closed","template":"","meta":{"footnotes":""},"class_list":["post-3731","page","type-page","status-publish","hentry"],"_links":{"self":[{"href":"https:\/\/www.bancoalimentostfe.org\/nueva\/wp-json\/wp\/v2\/pages\/3731","targetHints":{"allow":["GET"]}}],"collection":[{"href":"https:\/\/www.bancoalimentostfe.org\/nueva\/wp-json\/wp\/v2\/pages"}],"about":[{"href":"https:\/\/www.bancoalimentostfe.org\/nueva\/wp-json\/wp\/v2\/types\/page"}],"author":[{"embeddable":true,"href":"https:\/\/www.bancoalimentostfe.org\/nueva\/wp-json\/wp\/v2\/users\/1"}],"replies":[{"embeddable":true,"href":"https:\/\/www.bancoalimentostfe.org\/nueva\/wp-json\/wp\/v2\/comments?post=3731"}],"version-history":[{"count":5,"href":"https:\/\/www.bancoalimentostfe.org\/nueva\/wp-json\/wp\/v2\/pages\/3731\/revisions"}],"predecessor-version":[{"id":3788,"href":"https:\/\/www.bancoalimentostfe.org\/nueva\/wp-json\/wp\/v2\/pages\/3731\/revisions\/3788"}],"wp:attachment":[{"href":"https:\/\/www.bancoalimentostfe.org\/nueva\/wp-json\/wp\/v2\/media?parent=3731"}],"curies":[{"name":"wp","href":"https:\/\/api.w.org\/{rel}","templated":true}]}}