{"id":3745,"date":"2018-10-24T14:55:49","date_gmt":"2018-10-24T14:55:49","guid":{"rendered":"https:\/\/www.bancoalimentostfe.org\/nueva\/?page_id=3745"},"modified":"2021-05-21T18:49:18","modified_gmt":"2021-05-21T18:49:18","slug":"bonos-solidarios","status":"publish","type":"page","link":"https:\/\/www.bancoalimentostfe.org\/nueva\/bonos-solidarios\/","title":{"rendered":"Bonos solidarios"},"content":{"rendered":"<p><img loading=\"lazy\" decoding=\"async\" class=\"aligncenter wp-image-3748 size-full\" src=\"https:\/\/www.bancoalimentostfe.org\/nueva\/wp-content\/uploads\/2018\/10\/solidaridad.jpg\" alt=\"\" width=\"894\" height=\"245\" srcset=\"https:\/\/www.bancoalimentostfe.org\/nueva\/wp-content\/uploads\/2018\/10\/solidaridad.jpg 894w, https:\/\/www.bancoalimentostfe.org\/nueva\/wp-content\/uploads\/2018\/10\/solidaridad-300x82.jpg 300w, https:\/\/www.bancoalimentostfe.org\/nueva\/wp-content\/uploads\/2018\/10\/solidaridad-768x210.jpg 768w\" sizes=\"auto, (max-width: 894px) 100vw, 894px\" \/><\/p>\n<p>Ante las dificultades actuales y futuras para recolectar alimentos, debido a la crisis tan grande que sufre Espa\u00f1a y sobre todo Canarias, hacemos un llamamiento a la Sociedad (empresarios y trabajadores en general) para que suscriban estos bonos solidarios mensuales con un monto de 5 \u20ac en adelante, cada persona puede fijar el importe seg\u00fan sus posibilidades econ\u00f3micas, con la \u00fanica finalidad de comprar alimentos y hacerlos<br \/>\nllegar a los m\u00e1s necesitados, que son muchos. Para tal efecto, basta con imprimir de nuestra p\u00e1gina web el formulario, escribir su n\u00famero de cuenta bancaria, fijar el importe mensual y firmarlo. Desde ya agradecemos su colaboraci\u00f3n.<\/p>\n<p><img loading=\"lazy\" decoding=\"async\" class=\"size-medium wp-image-4110 aligncenter\" src=\"https:\/\/www.bancoalimentostfe.org\/nueva\/wp-content\/uploads\/2021\/05\/FormatoBizum-206x300.png\" alt=\"\" width=\"206\" height=\"300\" srcset=\"https:\/\/www.bancoalimentostfe.org\/nueva\/wp-content\/uploads\/2021\/05\/FormatoBizum-206x300.png 206w, https:\/\/www.bancoalimentostfe.org\/nueva\/wp-content\/uploads\/2021\/05\/FormatoBizum-768x1118.png 768w, https:\/\/www.bancoalimentostfe.org\/nueva\/wp-content\/uploads\/2021\/05\/FormatoBizum-703x1024.png 703w, https:\/\/www.bancoalimentostfe.org\/nueva\/wp-content\/uploads\/2021\/05\/FormatoBizum.png 1123w\" sizes=\"auto, (max-width: 206px) 100vw, 206px\" \/><\/p>\n<p><a href=\".\/donacion-economica-periodica\/\">Descargar Documento Subscripci\u00f3n Bono Solidario<\/a><\/p>\n<p>Descargue el PDF ,\u00a0bolet\u00edn para suscribir bonos solidarios de ayuda al Banco de Alimentos de Tenerife. Debe imprimirlo, cumplimentarlo y hacerlo llegar a nuestra sede en Mercatenerife. Si lo env\u00eda por correo ordinario la direcci\u00f3n es:<br \/>\nBANCO DE ALIMENTOS DE TENERIFE<br \/>\nMercatenerife \u2013 Nave 5 \u2013 Sector D.<br \/>\n38110 \u2013 Santa Cruz de Tenerife.<\/p>\n<p><span style=\"color: #0000ff;\"><strong>Nuestro tel\u00e9fono para cualquier consulta es\u00a0 922226497<\/strong><\/span><\/p>\n","protected":false},"excerpt":{"rendered":"<p>Ante las dificultades actuales y futuras para recolectar alimentos, debido a la crisis tan grande que sufre Espa\u00f1a y sobre todo Canarias, hacemos un llamamiento a la Sociedad (empresarios y trabajadores en general) para que suscriban estos bonos solidarios mensuales con un monto de 5 \u20ac en adelante, cada persona puede fijar el importe seg\u00fan sus posibilidades econ\u00f3micas, con la \u00fanica finalidad de comprar alimentos y hacerlos llegar a los m\u00e1s necesitados, que son muchos. Para tal efecto, basta con&hellip;<\/p>\n","protected":false},"author":1,"featured_media":0,"parent":0,"menu_order":0,"comment_status":"closed","ping_status":"closed","template":"","meta":{"footnotes":""},"class_list":["post-3745","page","type-page","status-publish","hentry"],"_links":{"self":[{"href":"https:\/\/www.bancoalimentostfe.org\/nueva\/wp-json\/wp\/v2\/pages\/3745","targetHints":{"allow":["GET"]}}],"collection":[{"href":"https:\/\/www.bancoalimentostfe.org\/nueva\/wp-json\/wp\/v2\/pages"}],"about":[{"href":"https:\/\/www.bancoalimentostfe.org\/nueva\/wp-json\/wp\/v2\/types\/page"}],"author":[{"embeddable":true,"href":"https:\/\/www.bancoalimentostfe.org\/nueva\/wp-json\/wp\/v2\/users\/1"}],"replies":[{"embeddable":true,"href":"https:\/\/www.bancoalimentostfe.org\/nueva\/wp-json\/wp\/v2\/comments?post=3745"}],"version-history":[{"count":6,"href":"https:\/\/www.bancoalimentostfe.org\/nueva\/wp-json\/wp\/v2\/pages\/3745\/revisions"}],"predecessor-version":[{"id":4112,"href":"https:\/\/www.bancoalimentostfe.org\/nueva\/wp-json\/wp\/v2\/pages\/3745\/revisions\/4112"}],"wp:attachment":[{"href":"https:\/\/www.bancoalimentostfe.org\/nueva\/wp-json\/wp\/v2\/media?parent=3745"}],"curies":[{"name":"wp","href":"https:\/\/api.w.org\/{rel}","templated":true}]}}