{"id":3759,"date":"2018-10-25T12:54:30","date_gmt":"2018-10-25T12:54:30","guid":{"rendered":"https:\/\/www.bancoalimentostfe.org\/nueva\/?page_id=3759"},"modified":"2018-10-25T12:54:30","modified_gmt":"2018-10-25T12:54:30","slug":"plan-de-formacion","status":"publish","type":"page","link":"https:\/\/www.bancoalimentostfe.org\/nueva\/plan-de-formacion\/","title":{"rendered":"Plan de formaci\u00f3n"},"content":{"rendered":"<p class=\"p1\"><span class=\"s1\">Tanto desde la FESBAL (Federaci\u00f3n espa\u00f1ola de Banco de Alimentos) como del propio FEAD las orientaciones futuras son ir encaminados en la inserci\u00f3n, formaci\u00f3n e inclusi\u00f3n de las personas perceptoras de alimentos por parte de nuestra entidad. <\/span><\/p>\n<p class=\"p1\"><span class=\"s1\">Es por ello, que desde el a\u00f1o pasado (2017), nos abordamos en la aventura de empezar ampliar nuestros horizontes y no solo funcionar como un centro de distribuci\u00f3n de alimentos, sino empezar a formar parte, del entorno social al que pertenecemos, a trav\u00e9s en primera instancia de la formaci\u00f3n. <\/span><\/p>\n<p class=\"p1\"><span class=\"s1\">En este sentido nuestras actividades han sido de dos tipos, convenios de colaboraci\u00f3n para formaci\u00f3n no impartida por el propio banco de alimentos, y por otro lado, formaci\u00f3n impartida por el propio Banco de Alimentos y cuyos destinatarios son las entidades. <\/span><\/p>\n<p class=\"p1\"><span class=\"s1\">Bien es cierto que queda un largo camino, pero a continuaci\u00f3n, vamos a detallar la actividad hasta la fecha. <\/span><\/p>\n<p class=\"p1\"><span class=\"s2\"><i>FORMACI\u00d3N EXTERNA BANCO- CONVENIOS. <\/i><\/span><\/p>\n<p class=\"p1\"><span class=\"s1\">Entendemos est\u00e9 apartado como la formaci\u00f3n que se ha realizado en el Banco de Alimentos, pero en la cual, hemos actuado como \u00f3rgano colaborador y no como ejecutar de los proyectos. Por lo general, han sido convenios firmados con otras entidades sociales, casi todas ellas dedicadas a la inserci\u00f3n laboral en su mayor\u00eda. <\/span><\/p>\n<table class=\"t1\" cellspacing=\"0\" cellpadding=\"0\">\n<tbody>\n<tr>\n<td class=\"td1\" valign=\"top\">\n<p class=\"p3\"><span class=\"s1\"><b>PER\u00cdODO<\/b><\/span><\/p>\n<\/td>\n<td class=\"td2\" valign=\"top\">\n<p class=\"p4\"><span class=\"s1\"><b>ENTIDAD<\/b><\/span><\/p>\n<\/td>\n<td class=\"td3\" valign=\"top\">\n<p class=\"p4\"><span class=\"s1\"><b>DEFINICI\u00d3N<\/b><\/span><\/p>\n<\/td>\n<td class=\"td4\" valign=\"top\">\n<p class=\"p4\"><span class=\"s1\"><b>PARTICIPANTES<\/b><\/span><\/p>\n<\/td>\n<td class=\"td5\" valign=\"top\">\n<p class=\"p4\"><span class=\"s1\"><b>DURACI\u00d3N<\/b><\/span><\/p>\n<\/td>\n<\/tr>\n<tr>\n<td class=\"td6\" valign=\"top\">\n<p class=\"p5\"><span class=\"s1\">MARZO- ABRIL 2017<\/span><\/p>\n<\/td>\n<td class=\"td7\" valign=\"top\">\n<p class=\"p5\"><span class=\"s1\">Fundaci\u00f3n Don Bosco<\/span><\/p>\n<\/td>\n<td class=\"td8\" valign=\"top\">\n<p class=\"p5\"><span class=\"s1\">Participaci\u00f3n en el proyecto \u201cBarrios por el<span class=\"Apple-converted-space\">\u00a0 <\/span>empleo\u201d.<span class=\"Apple-converted-space\">\u00a0 <\/span>Teor\u00eda y pr\u00e1ctica en el propio Banco<\/span><\/p>\n<\/td>\n<td class=\"td9\" valign=\"top\">\n<p class=\"p5\"><span class=\"s1\">20 alumnos\/as<span class=\"Apple-converted-space\">\u00a0 <\/span>+<\/span><\/p>\n<p class=\"p5\"><span class=\"s1\">1 formador <\/span><\/p>\n<\/td>\n<td class=\"td10\" valign=\"top\">\n<p class=\"p5\"><span class=\"s1\">100 horas<\/span><\/p>\n<\/td>\n<\/tr>\n<tr>\n<td class=\"td11\" valign=\"top\">\n<p class=\"p5\"><span class=\"s1\">MAYO- JUNIO<\/span><\/p>\n<\/td>\n<td class=\"td12\" valign=\"top\">\n<p class=\"p5\"><span class=\"s1\">Acci\u00f3n Laboral Tenerife<\/span><\/p>\n<\/td>\n<td class=\"td13\" valign=\"top\">\n<p class=\"p5\"><span class=\"s1\">Programa experimental en materia de empleo \u201cCanarias Activa 16\u201d . Teor\u00eda y pr\u00e1ctica en el propio Banco. <\/span><\/p>\n<\/td>\n<td class=\"td14\" valign=\"top\">\n<p class=\"p5\"><span class=\"s1\">15 alumnos\/as + 1 formador<\/span><\/p>\n<\/td>\n<td class=\"td15\" valign=\"top\">\n<p class=\"p5\"><span class=\"s1\">100 horas<\/span><\/p>\n<\/td>\n<\/tr>\n<tr>\n<td class=\"td16\" valign=\"top\">\n<p class=\"p5\"><span class=\"s1\">JULIO 2017<\/span><\/p>\n<\/td>\n<td class=\"td17\" valign=\"top\">\n<p class=\"p5\"><span class=\"s1\">Centro de formaci\u00f3n Avanti <\/span><\/p>\n<\/td>\n<td class=\"td18\" valign=\"top\">\n<p class=\"p5\"><span class=\"s1\">Pr\u00e1cticas curos de carretillero. <\/span><\/p>\n<\/td>\n<td class=\"td19\" valign=\"top\">\n<p class=\"p5\"><span class=\"s1\">12 alumnos + 1 formador<\/span><\/p>\n<\/td>\n<td class=\"td20\" valign=\"top\">\n<p class=\"p5\"><span class=\"s1\">15 horas<\/span><\/p>\n<\/td>\n<\/tr>\n<tr>\n<td class=\"td21\" valign=\"top\">\n<p class=\"p5\"><span class=\"s1\">SEPTIEMBRE 2017<\/span><\/p>\n<\/td>\n<td class=\"td22\" valign=\"top\">\n<p class=\"p5\"><span class=\"s1\">Funcasor<\/span><\/p>\n<\/td>\n<td class=\"td23\" valign=\"top\">\n<p class=\"p5\"><span class=\"s1\">Pr\u00e1cticas para certificado de profesionalidad de grabador de datos.<\/span><\/p>\n<\/td>\n<td class=\"td24\" valign=\"top\">\n<p class=\"p5\"><span class=\"s1\">1 alumna + tutora del propio Banco <\/span><\/p>\n<\/td>\n<td class=\"td25\" valign=\"top\">\n<p class=\"p5\"><span class=\"s1\">80 horas<\/span><\/p>\n<\/td>\n<\/tr>\n<tr>\n<td class=\"td6\" valign=\"top\">\n<p class=\"p5\"><span class=\"s1\">MARZO 2018<\/span><\/p>\n<\/td>\n<td class=\"td7\" valign=\"top\">\n<p class=\"p5\"><span class=\"s1\">Acci\u00f3n Laboral Tenerife<\/span><\/p>\n<\/td>\n<td class=\"td8\" valign=\"top\">\n<p class=\"p5\"><span class=\"s1\">Programa experimental en materia de empleo \u201cCanarias Activa 17\u201d . Teor\u00eda y pr\u00e1ctica en el propio Banco.<\/span><\/p>\n<\/td>\n<td class=\"td9\" valign=\"top\">\n<p class=\"p5\"><span class=\"s1\">10 alumnos + 1 formador<\/span><\/p>\n<\/td>\n<td class=\"td10\" valign=\"top\">\n<p class=\"p5\"><span class=\"s1\">100 horas<\/span><\/p>\n<p class=\"p5\"><span class=\"s1\"><b>En ejecuci\u00f3n<\/b><\/span><\/p>\n<\/td>\n<\/tr>\n<tr>\n<td class=\"td11\" valign=\"top\">\n<p class=\"p5\"><span class=\"s1\">ABRIL 2018<\/span><\/p>\n<\/td>\n<td class=\"td12\" valign=\"top\">\n<p class=\"p5\"><span class=\"s1\">Fundaci\u00f3n Don Bosco<\/span><\/p>\n<\/td>\n<td class=\"td13\" valign=\"top\">\n<p class=\"p5\"><span class=\"s1\">Participaci\u00f3n en el proyecto \u201cBarrios por el<span class=\"Apple-converted-space\">\u00a0 <\/span>empleo\u201d.<span class=\"Apple-converted-space\">\u00a0 <\/span>Teor\u00eda y pr\u00e1ctica en el propio Banco<\/span><\/p>\n<\/td>\n<td class=\"td14\" valign=\"top\">\n<p class=\"p5\"><span class=\"s1\">15 alumnos\/as<span class=\"Apple-converted-space\">\u00a0 <\/span>+<\/span><\/p>\n<p class=\"p5\"><span class=\"s1\">1 formador <\/span><\/p>\n<\/td>\n<td class=\"td15\" valign=\"top\">\n<p class=\"p5\"><span class=\"s1\">100 horas<\/span><\/p>\n<p class=\"p5\"><span class=\"s1\"><b>Comienzo 16 abril <\/b><\/span><\/p>\n<\/td>\n<\/tr>\n<\/tbody>\n<\/table>\n<p class=\"p1\"><span class=\"s2\"><i>FORMACI\u00d3N INTERNA BANCO ALIMENTOS . <\/i><\/span><\/p>\n<p class=\"p1\"><span class=\"s1\">En este caso dicha formaci\u00f3n ha sido impartida directamente por el propio Banco de alimentos, por el cual se han destinados fondas para la ejecuci\u00f3n de dichas cursos, para los cuales se ha contado con la contrataci\u00f3n de una academia de formaci\u00f3n. <\/span><\/p>\n<p class=\"p1\"><span class=\"s1\">Dichos cursos han ido destinados exclusivamente a las personas voluntarias de las entidades perceptoras de alimentos del propio Banco. Desde esta asociaci\u00f3n se ha cre\u00eddo que es fundamental la inversi\u00f3n en formaci\u00f3n para garantizar un mejor servicio de entrega de alimentos, que conlleva a:<\/span><\/p>\n<ul class=\"ul1\">\n<li class=\"li1\"><span class=\"s1\"> una mayor dignidad para los usuarios\/as,<\/span><\/li>\n<li class=\"li1\"><span class=\"s1\">mayor bienestar para las asociaciones, <\/span><\/li>\n<li class=\"li1\"><span class=\"s1\">mayor sentimiento de pertenencia a la asociaci\u00f3n,<\/span><\/li>\n<li class=\"li1\"><span class=\"s1\">mejora en la visi\u00f3n del Banco de Alimentos, <\/span><\/li>\n<li class=\"li1\"><span class=\"s1\">participaci\u00f3n entre entidades, creando lazos de colaboraci\u00f3n, <\/span><\/li>\n<li class=\"li1\"><span class=\"s1\">disminuci\u00f3n del porcentaje de incidencias e irregularidades,<\/span><\/li>\n<li class=\"li1\"><span class=\"s1\">trato m\u00e1s cercano y humano en la relaci\u00f3n banco\/entidades. <\/span><\/li>\n<\/ul>\n<table class=\"t1\" cellspacing=\"0\" cellpadding=\"0\">\n<tbody>\n<tr>\n<td class=\"td26\" valign=\"top\"><\/td>\n<td class=\"td27\" valign=\"top\">\n<p class=\"p4\"><span class=\"s1\"><b>FECHA<\/b><\/span><\/p>\n<\/td>\n<td class=\"td28\" valign=\"top\">\n<p class=\"p4\"><span class=\"s1\"><b>DEFINICI\u00d3N <\/b><\/span><\/p>\n<\/td>\n<td class=\"td29\" valign=\"top\">\n<p class=\"p4\"><span class=\"s1\"><b>EJECUTOR<\/b><\/span><\/p>\n<\/td>\n<td class=\"td4\" valign=\"top\">\n<p class=\"p4\"><span class=\"s1\"><b>PARTICIPANTES<\/b><\/span><\/p>\n<\/td>\n<td class=\"td30\" valign=\"top\">\n<p class=\"p4\"><span class=\"s1\"><b>DURACI\u00d3N<\/b><\/span><\/p>\n<\/td>\n<\/tr>\n<tr>\n<td class=\"td31\" valign=\"top\">\n<p class=\"p5\"><span class=\"s1\">1<\/span><\/p>\n<\/td>\n<td class=\"td32\" valign=\"top\">\n<p class=\"p5\"><span class=\"s1\">24\/10\/2017<\/span><\/p>\n<\/td>\n<td class=\"td33\" valign=\"top\">\n<p class=\"p5\"><span class=\"s1\">Gesti\u00f3n de Mercanc\u00edas y manipulaci\u00f3n de Alimentos<\/span><\/p>\n<\/td>\n<td class=\"td34\" valign=\"top\">\n<p class=\"p5\"><span class=\"s1\">Acci\u00f3n laboral <\/span><\/p>\n<\/td>\n<td class=\"td35\" valign=\"top\">\n<p class=\"p5\"><span class=\"s1\">19 participantes.<\/span><\/p>\n<p class=\"p5\"><span class=\"s1\">SANTA CRUZ<\/span><\/p>\n<\/td>\n<td class=\"td36\" valign=\"top\">\n<p class=\"p5\"><span class=\"s1\">3 horas<\/span><\/p>\n<\/td>\n<\/tr>\n<tr>\n<td class=\"td37\" valign=\"top\">\n<p class=\"p5\"><span class=\"s1\">2<\/span><\/p>\n<\/td>\n<td class=\"td38\" valign=\"top\">\n<p class=\"p5\"><span class=\"s1\">26\/10\/2017<\/span><\/p>\n<\/td>\n<td class=\"td39\" valign=\"top\">\n<p class=\"p5\"><span class=\"s1\">Gesti\u00f3n de almacenes<\/span><\/p>\n<\/td>\n<td class=\"td40\" valign=\"top\">\n<p class=\"p5\"><span class=\"s1\">Acci\u00f3n laboral<\/span><\/p>\n<\/td>\n<td class=\"td41\" valign=\"top\">\n<p class=\"p5\"><span class=\"s1\">18 participantes<\/span><\/p>\n<p class=\"p5\"><span class=\"s1\">SANTA CRUZ <\/span><\/p>\n<\/td>\n<td class=\"td42\" valign=\"top\">\n<p class=\"p5\"><span class=\"s1\">3 horas<\/span><\/p>\n<\/td>\n<\/tr>\n<tr>\n<td class=\"td31\" valign=\"top\">\n<p class=\"p5\"><span class=\"s1\">3<\/span><\/p>\n<\/td>\n<td class=\"td32\" valign=\"top\">\n<p class=\"p5\"><span class=\"s1\">13\/11\/2017<\/span><\/p>\n<\/td>\n<td class=\"td33\" valign=\"top\">\n<p class=\"p5\"><span class=\"s1\">Gesti\u00f3n de Mercanc\u00edas y manipulaci\u00f3n de Alimentos<\/span><\/p>\n<\/td>\n<td class=\"td34\" valign=\"top\">\n<p class=\"p5\"><span class=\"s1\">Acci\u00f3n laboral<\/span><\/p>\n<\/td>\n<td class=\"td35\" valign=\"top\">\n<p class=\"p5\"><span class=\"s1\">8 participantes<\/span><\/p>\n<p class=\"p5\"><span class=\"s1\">SANTA CRUZ<\/span><\/p>\n<\/td>\n<td class=\"td36\" valign=\"top\">\n<p class=\"p5\"><span class=\"s1\">3 horas<\/span><\/p>\n<\/td>\n<\/tr>\n<tr>\n<td class=\"td43\" valign=\"top\">\n<p class=\"p5\"><span class=\"s1\">4<\/span><\/p>\n<\/td>\n<td class=\"td44\" valign=\"top\">\n<p class=\"p5\"><span class=\"s1\">15\/11\/2017<\/span><\/p>\n<\/td>\n<td class=\"td45\" valign=\"top\">\n<p class=\"p5\"><span class=\"s1\">Gesti\u00f3n de almacenes<\/span><\/p>\n<\/td>\n<td class=\"td46\" valign=\"top\">\n<p class=\"p5\"><span class=\"s1\">Acci\u00f3n laboral<\/span><\/p>\n<\/td>\n<td class=\"td47\" valign=\"top\">\n<p class=\"p5\"><span class=\"s1\">9 participantes<\/span><\/p>\n<p class=\"p5\"><span class=\"s1\">SANTA CRUZ<\/span><\/p>\n<\/td>\n<td class=\"td48\" valign=\"top\">\n<p class=\"p5\"><span class=\"s1\">3 horas<\/span><\/p>\n<\/td>\n<\/tr>\n<tr>\n<td class=\"td31\" valign=\"top\">\n<p class=\"p5\"><span class=\"s1\">5<\/span><\/p>\n<\/td>\n<td class=\"td32\" valign=\"top\">\n<p class=\"p5\"><span class=\"s1\">27\/11\/2017<\/span><\/p>\n<\/td>\n<td class=\"td33\" valign=\"top\">\n<p class=\"p5\"><span class=\"s1\">Gesti\u00f3n de Mercanc\u00edas y manipulaci\u00f3n de Alimentos<\/span><\/p>\n<\/td>\n<td class=\"td34\" valign=\"top\">\n<p class=\"p5\"><span class=\"s1\">Acci\u00f3n laboral<\/span><\/p>\n<\/td>\n<td class=\"td35\" valign=\"top\">\n<p class=\"p5\"><span class=\"s1\">18 palpitantes<\/span><\/p>\n<p class=\"p5\"><span class=\"s1\">NORTE<\/span><\/p>\n<\/td>\n<td class=\"td36\" valign=\"top\">\n<p class=\"p5\"><span class=\"s1\">3 horas<\/span><\/p>\n<\/td>\n<\/tr>\n<tr>\n<td class=\"td31\" valign=\"top\">\n<p class=\"p5\"><span class=\"s1\">6<\/span><\/p>\n<\/td>\n<td class=\"td32\" valign=\"top\">\n<p class=\"p5\"><span class=\"s1\">29\/11\/2017<\/span><\/p>\n<\/td>\n<td class=\"td33\" valign=\"top\">\n<p class=\"p5\"><span class=\"s1\">Gesti\u00f3n de almacenes<\/span><\/p>\n<\/td>\n<td class=\"td34\" valign=\"top\">\n<p class=\"p5\"><span class=\"s1\">Acci\u00f3n laboral<\/span><\/p>\n<\/td>\n<td class=\"td35\" valign=\"top\">\n<p class=\"p5\"><span class=\"s1\">8 participantes<\/span><\/p>\n<p class=\"p5\"><span class=\"s1\">NORTE<\/span><\/p>\n<\/td>\n<td class=\"td36\" valign=\"top\">\n<p class=\"p5\"><span class=\"s1\">3 horas<\/span><\/p>\n<\/td>\n<\/tr>\n<tr>\n<td class=\"td49\" valign=\"top\">\n<p class=\"p5\"><span class=\"s1\">7<\/span><\/p>\n<\/td>\n<td class=\"td50\" valign=\"top\">\n<p class=\"p5\"><span class=\"s1\">06\/02\/2018-07\/02\/2018<\/span><\/p>\n<\/td>\n<td class=\"td51\" valign=\"top\">\n<p class=\"p5\"><span class=\"s1\">Desarrollo de Competencias Sociales en el Voluntariado<\/span><\/p>\n<\/td>\n<td class=\"td52\" valign=\"top\">\n<p class=\"p5\"><span class=\"s1\">Acci\u00f3n laboral<\/span><\/p>\n<\/td>\n<td class=\"td24\" valign=\"top\">\n<p class=\"p5\"><span class=\"s1\">10 participantes<\/span><\/p>\n<p class=\"p5\"><span class=\"s1\">SANTA CRUZ<\/span><\/p>\n<\/td>\n<td class=\"td53\" valign=\"top\">\n<p class=\"p5\"><span class=\"s1\">6 horas<\/span><\/p>\n<\/td>\n<\/tr>\n<tr>\n<td class=\"td54\" valign=\"top\">\n<p class=\"p5\"><span class=\"s1\">8<\/span><\/p>\n<\/td>\n<td class=\"td55\" valign=\"top\">\n<p class=\"p5\"><span class=\"s1\">20\/02\/2018- 21\/02\/2018<\/span><\/p>\n<\/td>\n<td class=\"td56\" valign=\"top\">\n<p class=\"p5\"><span class=\"s1\">Desarrollo de Competencias Sociales en el Voluntariado<\/span><\/p>\n<\/td>\n<td class=\"td57\" valign=\"top\">\n<p class=\"p5\"><span class=\"s1\">Acci\u00f3n laboral<\/span><\/p>\n<\/td>\n<td class=\"td19\" valign=\"top\">\n<p class=\"p5\"><span class=\"s1\">24 participantes<\/span><\/p>\n<p class=\"p5\"><span class=\"s1\">SANTA CRUZ<\/span><\/p>\n<\/td>\n<td class=\"td58\" valign=\"top\">\n<p class=\"p5\"><span class=\"s1\">6 horas<\/span><\/p>\n<\/td>\n<\/tr>\n<tr>\n<td class=\"td49\" valign=\"top\">\n<p class=\"p5\"><span class=\"s1\">9<\/span><\/p>\n<\/td>\n<td class=\"td50\" valign=\"top\">\n<p class=\"p5\"><span class=\"s1\">05\/03\/2018-06\/03\/2018<\/span><\/p>\n<\/td>\n<td class=\"td51\" valign=\"top\">\n<p class=\"p5\"><span class=\"s1\">Desarrollo de Competencias Sociales en el Voluntariado<\/span><\/p>\n<\/td>\n<td class=\"td52\" valign=\"top\">\n<p class=\"p5\"><span class=\"s1\">Acci\u00f3n laboral<\/span><\/p>\n<\/td>\n<td class=\"td24\" valign=\"top\">\n<p class=\"p5\"><span class=\"s1\">9 participantes<\/span><\/p>\n<p class=\"p5\"><span class=\"s1\">SANTA CRUZ <\/span><\/p>\n<\/td>\n<td class=\"td53\" valign=\"top\">\n<p class=\"p5\"><span class=\"s1\">6 horas<\/span><\/p>\n<\/td>\n<\/tr>\n<tr>\n<td class=\"td59\" valign=\"top\"><\/td>\n<td class=\"td60\" valign=\"top\"><\/td>\n<td class=\"td61\" valign=\"top\">\n<p class=\"p5\"><span class=\"s1\">TOTAL <\/span><\/p>\n<\/td>\n<td class=\"td62\" valign=\"top\"><\/td>\n<td class=\"td63\" valign=\"top\">\n<p class=\"p5\"><span class=\"s1\">123 participantes<\/span><\/p>\n<p class=\"p5\"><span class=\"s1\">97 de sc<\/span><\/p>\n<\/td>\n<td class=\"td64\" valign=\"top\">\n<p class=\"p5\"><span class=\"s1\">36 HORAS<\/span><\/p>\n<\/td>\n<\/tr>\n<\/tbody>\n<\/table>\n","protected":false},"excerpt":{"rendered":"<p>Tanto desde la FESBAL (Federaci\u00f3n espa\u00f1ola de Banco de Alimentos) como del propio FEAD las orientaciones futuras son ir encaminados en la inserci\u00f3n, formaci\u00f3n e inclusi\u00f3n de las personas perceptoras de alimentos por parte de nuestra entidad. Es por ello, que desde el a\u00f1o pasado (2017), nos abordamos en la aventura de empezar ampliar nuestros horizontes y no solo funcionar como un centro de distribuci\u00f3n de alimentos, sino empezar a formar parte, del entorno social al que pertenecemos, a trav\u00e9s&hellip;<\/p>\n","protected":false},"author":1,"featured_media":0,"parent":0,"menu_order":0,"comment_status":"closed","ping_status":"closed","template":"","meta":{"footnotes":""},"class_list":["post-3759","page","type-page","status-publish","hentry"],"_links":{"self":[{"href":"https:\/\/www.bancoalimentostfe.org\/nueva\/wp-json\/wp\/v2\/pages\/3759","targetHints":{"allow":["GET"]}}],"collection":[{"href":"https:\/\/www.bancoalimentostfe.org\/nueva\/wp-json\/wp\/v2\/pages"}],"about":[{"href":"https:\/\/www.bancoalimentostfe.org\/nueva\/wp-json\/wp\/v2\/types\/page"}],"author":[{"embeddable":true,"href":"https:\/\/www.bancoalimentostfe.org\/nueva\/wp-json\/wp\/v2\/users\/1"}],"replies":[{"embeddable":true,"href":"https:\/\/www.bancoalimentostfe.org\/nueva\/wp-json\/wp\/v2\/comments?post=3759"}],"version-history":[{"count":1,"href":"https:\/\/www.bancoalimentostfe.org\/nueva\/wp-json\/wp\/v2\/pages\/3759\/revisions"}],"predecessor-version":[{"id":3760,"href":"https:\/\/www.bancoalimentostfe.org\/nueva\/wp-json\/wp\/v2\/pages\/3759\/revisions\/3760"}],"wp:attachment":[{"href":"https:\/\/www.bancoalimentostfe.org\/nueva\/wp-json\/wp\/v2\/media?parent=3759"}],"curies":[{"name":"wp","href":"https:\/\/api.w.org\/{rel}","templated":true}]}}