{"id":3762,"date":"2018-10-25T13:01:57","date_gmt":"2018-10-25T13:01:57","guid":{"rendered":"https:\/\/www.bancoalimentostfe.org\/nueva\/?page_id=3762"},"modified":"2018-10-25T13:01:57","modified_gmt":"2018-10-25T13:01:57","slug":"plan-de-voluntariado","status":"publish","type":"page","link":"https:\/\/www.bancoalimentostfe.org\/nueva\/plan-de-voluntariado\/","title":{"rendered":"Plan de voluntariado"},"content":{"rendered":"<p class=\"p1\"><span class=\"s1\"><b>Objetivos y Estrategias del Plan de Voluntariado<\/b><\/span><\/p>\n<p class=\"p1\"><span class=\"s1\">El Objetivo fundamental del Plan de Voluntariado es consolidar una base estable de Voluntarios adscritos al Banco de Alimentos de Tenerife, que garanticen el desenvolvimiento de nuestras diferentes actividades.<span class=\"Apple-converted-space\">\u00a0 <\/span>Los Bancos de Alimentos se conducen con su Misi\u00f3n espec\u00edfica de<span class=\"Apple-converted-space\">\u00a0 <\/span>ayuda a los desfavorecidos, pero sustent\u00e1ndose sobre los Valores del Voluntariado, independientemente de<span class=\"Apple-converted-space\">\u00a0 <\/span>opiniones religiosas, pol\u00edticas, origen geogr\u00e1fico o razas, y dentro de lo establecido por la Ley 45\/2015 de 14 de Octubre, de Voluntariado, as\u00ed como la Ley Canaria de Voluntariado.<\/span><\/p>\n<p class=\"p1\"><span class=\"s1\">La Estrategia a seguir para la consecuci\u00f3n de este objetivo es la dinamizaci\u00f3n de las actividades del Banco de Alimentos a trav\u00e9s de los diferentes estamentos sociales, institucionales y empresariales. En las distintas \u00e1reas de actividad se contempla una intenci\u00f3n cotidiana de promover la cooperaci\u00f3n del voluntariado, ya sea a trav\u00e9s de la participaci\u00f3n comunicativa en los medios<span class=\"Apple-converted-space\">\u00a0 <\/span>y en las redes sociales, como tambi\u00e9n<span class=\"Apple-converted-space\">\u00a0 <\/span>en las campa\u00f1as de sensibilizaci\u00f3n de la Recogidas u Operaciones Kilo, visitas a las Asociaciones, charlas en centros educativos o distintas instituciones<span class=\"Apple-converted-space\">\u00a0 <\/span>colaboradoras. <\/span><\/p>\n<p class=\"p1\"><span class=\"s1\">Esta dinamizaci\u00f3n ya ha venido ofreciendo resultados, que conlleva necesariamente un protocolo estrat\u00e9gico de gesti\u00f3n, desde la entrevista al voluntario, y elaboraci\u00f3n de perfiles, hasta el acogimiento y acompa\u00f1amiento del voluntario en su incorporaci\u00f3n a nuestra Asociaci\u00f3n. Desarrollando para ello tareas informativas y formativas necesarias para que dicho voluntarios tenga todos los medios y la informaci\u00f3n necesaria para desarrollar su colaboraci\u00f3n en el ambiente m\u00e1s agradable y motivador posible.<\/span><\/p>\n<p class=\"p1\"><span class=\"s1\"><b>Modelo de gesti\u00f3n de Voluntariado<\/b><\/span><\/p>\n<p class=\"p1\"><span class=\"s1\">La determinaci\u00f3n de un modelo de gesti\u00f3n del voluntariado, pasa, primeramente, por la identificaci\u00f3n general de las distintas \u00e1reas y funciones de actividad dentro de la Asociaci\u00f3n Banco de Alimentos de Tenerife. Este debe ser un proceso din\u00e1mico y no est\u00e1tico, porque depender\u00e1 de las distintas circunstancias<span class=\"Apple-converted-space\">\u00a0 <\/span>que enervan nuestra actividad, dado que<span class=\"Apple-converted-space\">\u00a0 <\/span>hay momentos en que las campa\u00f1as puntuales centran toda nuestra din\u00e1mica.\u00a0<\/span><\/p>\n<p class=\"p1\"><span class=\"s1\">Del mismo modo, se producen muchas confluencias entre las distintas \u00e1reas, tanto en objetivos, como herramientas. De todos modos hemos procedido a la identificaci\u00f3n de unas \u00e1reas b\u00e1sicas de funcionamiento que representan al momento presente la Actividad<span class=\"Apple-converted-space\">\u00a0 <\/span>cotidiana en el Banco de Alimentos de Tenerife.<\/span><\/p>\n<p class=\"p1\"><span class=\"s1\"><b>Identificaci\u00f3n de necesidades, tareas y funciones. <\/b><\/span><\/p>\n<p class=\"p1\"><span class=\"s1\">El \u00c1rea de Voluntariado est\u00e1 gestionado por un Responsable, encargado de coordinar las actividades de las distintas \u00e1reas de actividad dentro del Banco de Alimentos. Se trata de mantener una red de comunicaci\u00f3n directa con los distintos estamentos de Organigrama del Banco de Alimentos, actitud formativa para llevar a cabo un seguimiento del bienestar y desarrollo de los voluntarios de las distintas actividades donde han sido adscritos, despu\u00e9s de una eficaz entrevista y motivadora del plan de Acogimiento y Acompa\u00f1amiento. <\/span><\/p>\n","protected":false},"excerpt":{"rendered":"<p>Objetivos y Estrategias del Plan de Voluntariado El Objetivo fundamental del Plan de Voluntariado es consolidar una base estable de Voluntarios adscritos al Banco de Alimentos de Tenerife, que garanticen el desenvolvimiento de nuestras diferentes actividades.\u00a0 Los Bancos de Alimentos se conducen con su Misi\u00f3n espec\u00edfica de\u00a0 ayuda a los desfavorecidos, pero sustent\u00e1ndose sobre los Valores del Voluntariado, independientemente de\u00a0 opiniones religiosas, pol\u00edticas, origen geogr\u00e1fico o razas, y dentro de lo establecido por la Ley 45\/2015 de 14 de Octubre,&hellip;<\/p>\n","protected":false},"author":1,"featured_media":0,"parent":0,"menu_order":0,"comment_status":"closed","ping_status":"closed","template":"","meta":{"footnotes":""},"class_list":["post-3762","page","type-page","status-publish","hentry"],"_links":{"self":[{"href":"https:\/\/www.bancoalimentostfe.org\/nueva\/wp-json\/wp\/v2\/pages\/3762","targetHints":{"allow":["GET"]}}],"collection":[{"href":"https:\/\/www.bancoalimentostfe.org\/nueva\/wp-json\/wp\/v2\/pages"}],"about":[{"href":"https:\/\/www.bancoalimentostfe.org\/nueva\/wp-json\/wp\/v2\/types\/page"}],"author":[{"embeddable":true,"href":"https:\/\/www.bancoalimentostfe.org\/nueva\/wp-json\/wp\/v2\/users\/1"}],"replies":[{"embeddable":true,"href":"https:\/\/www.bancoalimentostfe.org\/nueva\/wp-json\/wp\/v2\/comments?post=3762"}],"version-history":[{"count":1,"href":"https:\/\/www.bancoalimentostfe.org\/nueva\/wp-json\/wp\/v2\/pages\/3762\/revisions"}],"predecessor-version":[{"id":3763,"href":"https:\/\/www.bancoalimentostfe.org\/nueva\/wp-json\/wp\/v2\/pages\/3762\/revisions\/3763"}],"wp:attachment":[{"href":"https:\/\/www.bancoalimentostfe.org\/nueva\/wp-json\/wp\/v2\/media?parent=3762"}],"curies":[{"name":"wp","href":"https:\/\/api.w.org\/{rel}","templated":true}]}}