{"id":3795,"date":"2018-11-19T16:54:25","date_gmt":"2018-11-19T16:54:25","guid":{"rendered":"https:\/\/www.bancoalimentostfe.org\/nueva\/?page_id=3795"},"modified":"2018-11-27T09:53:40","modified_gmt":"2018-11-27T09:53:40","slug":"donacion-economica-periodica","status":"publish","type":"page","link":"https:\/\/www.bancoalimentostfe.org\/nueva\/donacion-economica-periodica\/","title":{"rendered":"Donaci\u00f3n econ\u00f3mica peri\u00f3dica"},"content":{"rendered":"<h3>Donaci\u00f3n econ\u00f3mica peri\u00f3dica<\/h3>\n\t\t<div id=\"multi-step-form\" class=\"fw-wizard\" data-stepCount=\"2\" data-wizardid=\"1\">\n\t\t\t<div class=\"fw-wizard-step-header-container\">\n\t\t\t\t<div class=\"fw-container\" data-redirect=\"\">\n\t\t\t\t\t\t\t\t<div class=\"fw-wizard-step-header\" data-stepId=\"0\">\n\t\t\t\t\t<h2><\/h2>\n\t\t\t\t\t<p class=\"fw-copytext\"><\/p>\n\t\t\t\t<\/div>\n\t\t\t\t\t\t\t\t<div class=\"fw-wizard-step-header\" data-stepId=\"1\">\n\t\t\t\t\t<h2><\/h2>\n\t\t\t\t\t<p class=\"fw-copytext\"><\/p>\n\t\t\t\t<\/div>\n\t\t\t\t\t\t\t\t<\/div>\n\t\t\t<\/div>\n\t\t\t<div class=\"fw-progress-bar-container \">\n\t\t\t\t<div class=\"fw-container\">\n\t\t\t\t\t<div class=\"fw-progress-wrap\">\n\t\t\t<ul class=\"fw-progress-bar\"\n\t\t\t\tdata-activecolor=\"#1d7071\"\n\t\t\t\tdata-donecolor=\"#43a047\"\n\t\t\t\tdata-nextcolor=\"#aaa\"\n\t\t\t\tdata-buttoncolor=\"#1d7071\">\n\t\t\t\t\t\t\t\t<li class=\"fw-progress-step\"\n\t\t\t\t\tdata-id=\"0\">\n\t\t\t\t\t<span class=\"fw-progress-bar-bar\"><\/span>\n\t\t\t\t\t<span class=\"fw-txt-ellipsis\" data-title=\"Datos personales\">Datos personales<\/span>\n\t\t\t\t\t\t\t\t\t<\/li>\n\t\t\t\t\t\t\t\t\t<li class=\"fw-progress-step\"\n\t\t\t\t\tdata-id=\"1\">\n\t\t\t\t\t<span class=\"fw-progress-bar-bar\"><\/span>\n\t\t\t\t\t<span class=\"fw-txt-ellipsis\" data-title=\"Datos econ\u00f3micos\">Datos econ\u00f3micos<\/span>\n\t\t\t\t\t\t\t\t\t<\/li>\n\t\t\t\t\t\t\t\t<\/ul>\n\t\t<\/div>\n\t\t\t\t\t\t<\/div>\n\t\t\t<\/div>\n\t\t\t<div class=\"fw-wizard-step-container\">\n\t\t\t\t<div class=\"fw-container\">\n\t\t\t\t\t\t\t\t\t<div class=\"fw-wizard-step\" data-stepId=\"0\">\n\t\t\t\t\t\t<div class=\"fw-step-part \" data-partId=\"0\">\n\t<h2 class=\"fw-step-part-title \">\n\t\t\tPersonales\t<\/h2>\n\t<div class=\"fw-clearfix\"><\/div>\n\t<div class=\"fw-step-part-body\">\n\t\t\t\t\t\t\t\t\t<div \n\t\t\tclass=\"fw-step-block\" \n\t\t\tdata-blockId=\"1\" \n\t\t\tdata-type=\"fw-numeric\" \n\t\t\tdata-required=\"true\" \n\t\t\tdata-min=\"5\"\t\t\t\t\t>\n\n\t\t\t<div class=\"fw-input-container\">\n\t\t\t\t<h3>Cantidad de la donaci\u00f3n *<\/h3>\n\t\t\t\t<input \n\t\t\t\t\ttype=\"text\" \n\t\t\t\t\tclass=\"fw-text-input\" \n\t\t\t\t\tdata-id=\"numeric\"\n\t\t\t\t\tplaceholder=\"min. 5\"\n\t\t\t\t\tmin=\"5\"\t\t\t\t\t\t\t\t\t>\n\t\t\t\t<span class=\"fa fa-asterisk form-control-feedback\" aria-hidden=\"true\"><\/span>\n\t\t\t<\/div>\n\t\t\t<div class=\"fw-clearfix\"><\/div>\n\t\t<\/div>\n\t  \t\t\t\t\t\t\t\t\t<div class=\"fw-step-block\" data-blockId=\"1\" data-type=\"fw-text\" data-required=\"true\">\n\t\t\t<div class=\"fw-input-container\">\n\t\t\t\t<h3>Nombre*<\/h3><input type=\"text\" class=\"fw-text-input\" data-id=\"text\"><span class=\"fa fa-pencil form-control-feedback\" aria-hidden=\"true\"><\/span>\n\t\t\t<\/div>\n\t\t\t<div class=\"fw-clearfix\"><\/div>\n\t\t<\/div>\n\t\t\t\t\t\t\t\t\t\t\t<div class=\"fw-step-block\" data-blockId=\"1\" data-type=\"fw-text\" data-required=\"true\">\n\t\t\t<div class=\"fw-input-container\">\n\t\t\t\t<h3>Apellidos*<\/h3><input type=\"text\" class=\"fw-text-input\" data-id=\"text\"><span class=\"fa fa-pencil form-control-feedback\" aria-hidden=\"true\"><\/span>\n\t\t\t<\/div>\n\t\t\t<div class=\"fw-clearfix\"><\/div>\n\t\t<\/div>\n\t\t\t\t\t\t\t\t\t\t\t<div class=\"fw-step-block\" data-blockId=\"1\" data-type=\"fw-text\" data-required=\"true\">\n\t\t\t<div class=\"fw-input-container\">\n\t\t\t\t<h3>DNI<\/h3><input type=\"text\" class=\"fw-text-input\" data-id=\"text\"><span class=\"fa fa-pencil form-control-feedback\" aria-hidden=\"true\"><\/span>\n\t\t\t<\/div>\n\t\t\t<div class=\"fw-clearfix\"><\/div>\n\t\t<\/div>\n\t\t\t\t\t\t\t\t\t\t\t<div class=\"fw-step-block\" data-blockId=\"1\" data-type=\"fw-text\" data-required=\"true\">\n\t\t\t<div class=\"fw-input-container\">\n\t\t\t\t<h3>Direcci\u00f3n<\/h3><input type=\"text\" class=\"fw-text-input\" data-id=\"text\"><span class=\"fa fa-pencil form-control-feedback\" aria-hidden=\"true\"><\/span>\n\t\t\t<\/div>\n\t\t\t<div class=\"fw-clearfix\"><\/div>\n\t\t<\/div>\n\t\t\t\t\t\t\t\t\t\t\t<div class=\"fw-step-block\" data-blockId=\"1\" data-type=\"fw-text\" data-required=\"true\">\n\t\t\t<div class=\"fw-input-container\">\n\t\t\t\t<h3>C\u00f3digo Postal<\/h3><input type=\"text\" class=\"fw-text-input\" data-id=\"text\"><span class=\"fa fa-pencil form-control-feedback\" aria-hidden=\"true\"><\/span>\n\t\t\t<\/div>\n\t\t\t<div class=\"fw-clearfix\"><\/div>\n\t\t<\/div>\n\t\t\t\t\t\t\t\t\t\t\t<div class=\"fw-step-block\" data-blockId=\"1\" data-type=\"fw-text\" data-required=\"true\">\n\t\t\t<div class=\"fw-input-container\">\n\t\t\t\t<h3>Provincia<\/h3><input type=\"text\" class=\"fw-text-input\" data-id=\"text\"><span class=\"fa fa-pencil form-control-feedback\" aria-hidden=\"true\"><\/span>\n\t\t\t<\/div>\n\t\t\t<div class=\"fw-clearfix\"><\/div>\n\t\t<\/div>\n\t\t\t\t\t\t\t\t\t\t\t<div class=\"fw-step-block\" data-blockId=\"1\" data-type=\"fw-email\" data-required=\"true\">\n\t\t\t<div class=\"fw-input-container\">\n\t\t\t\t<h3>Correo electr\u00f3nico<\/h3><input type=\"text\" class=\"fw-text-input\" data-id=\"email\"><span class=\"fa fa-envelope form-control-feedback\" aria-hidden=\"true\"><\/span>\n\t\t\t<\/div>\n\t\t\t<div class=\"fw-clearfix\"><\/div>\n\t\t<\/div>\n\t  \t\t\t\t\t\t\t\t\t<div class=\"fw-step-block\" data-blockId=\"1\" data-type=\"fw-paragraph\">\n\t\t\t<div class=\"fw-paragraph-container\">\n\t\t\t\t<p>Para cumplir con nuestras obligaciones respecto al Real Decreto 304\/2014 de 5 de mayo por el que se aprueba el Reglamento de la Ley 10\/2010, de 28 de abril, de prevenci\u00f3n del blanqueo de capitales y la financiaci\u00f3n del terrorismo (BOE 5\/5\/14); y al superar su donativo la cantidad de 100,00\u20ac necesitamos que por favor cumplimente todos sus datos personales.<\/p>\n\t\t\t<\/div>\n\t\t\t<div class=\"fw-clearfix\"><\/div>\n\t\t<\/div>\n\t\t\t\t\t\t\t\t\t\t\t<div class=\"fw-step-block\" data-blockId=\"1\" data-type=\"fw-radio\" data-required=\"true\">\n\t\t\t\t\t\t\t\t<h3>Certificado fiscal*<\/h3>\n\t\t\t\t\t\t\t\t\t\t<span class=\"fw-choice fw-radio-row\">\n\t\t\t\t\t\t<input id=\"fw-1-0-0-9-1\" type=\"radio\" name=\"fw-1-0-0-9\" class=\"fw-radio\" data-id=\"1\">\n\t\t\t\t\t\t<label for=\"fw-1-0-0-9-1\" data-labelId=\"1\">S\u00ed<\/label>\n\t\t\t\t\t<\/span>\n\t\t\t\t\t\t\t\t\t\t<span class=\"fw-choice fw-radio-row\">\n\t\t\t\t\t\t<input id=\"fw-1-0-0-9-2\" type=\"radio\" name=\"fw-1-0-0-9\" class=\"fw-radio\" data-id=\"2\">\n\t\t\t\t\t\t<label for=\"fw-1-0-0-9-2\" data-labelId=\"2\">No<\/label>\n\t\t\t\t\t<\/span>\n\t\t\t\t\t\t\t<\/div>\n\t\t\t\t\t\t\t\t\t\t\t<div class=\"fw-step-block\" data-blockId=\"1\" data-type=\"fw-paragraph\">\n\t\t\t<div class=\"fw-paragraph-container\">\n\t\t\t\t<p>Si marcas NO, tu donaci\u00f3n se tratar\u00e1 como una donaci\u00f3n an\u00f3nima y no se tratar\u00e1 ning\u00fan dato personal salvo los necesarios como referencia por si hubiera que identificar tu aportaci\u00f3n.Si marcas SI, ser\u00e1 necesario que nos facilites tus datos personales\/fiscales para poder efectuar y remitirte el correspondiente Certificado de desgravaci\u00f3n fiscal. Estos datos ser\u00e1n recogidos y almacenados, durante el tiempo establecido reglamentariamente, para facilitarlos a la Agencia Tributaria en cumplimiento de nuestras obligaciones fiscales.<\/p>\n\t\t\t<\/div>\n\t\t\t<div class=\"fw-clearfix\"><\/div>\n\t\t<\/div>\n\t\t\t\t\t\t<\/div>\n<\/div>\n\t\t\t\t\t\t\t\t\t<div class=\"fw-clearfix\"><\/div>\n\t\t\t\t\t<\/div>\n\t\t\t\t\t\t\t\t\t\t<div class=\"fw-wizard-step\" data-stepId=\"1\">\n\t\t\t\t\t\t<div class=\"fw-step-part \" data-partId=\"0\">\n\t<h2 class=\"fw-step-part-title \">\n\t\t\tRecibo\t<\/h2>\n\t<div class=\"fw-clearfix\"><\/div>\n\t<div class=\"fw-step-part-body\">\n\t\t\t\t\t\t\t\t\t<div class=\"fw-step-block\" data-blockId=\"1\" data-type=\"fw-radio\" data-required=\"true\">\n\t\t\t\t\t\t\t\t<h3>Forma de pago*<\/h3>\n\t\t\t\t\t\t\t\t\t\t<span class=\"fw-choice fw-radio-row\">\n\t\t\t\t\t\t<input id=\"fw-1-1-0-0-1\" type=\"radio\" name=\"fw-1-1-0-0\" class=\"fw-radio\" data-id=\"1\">\n\t\t\t\t\t\t<label for=\"fw-1-1-0-0-1\" data-labelId=\"1\">Recibo domiciliado<\/label>\n\t\t\t\t\t<\/span>\n\t\t\t\t\t\t\t<\/div>\n\t\t\t\t\t\t\t\t\t\t\t<div class=\"fw-step-block\" data-blockId=\"1\" data-type=\"fw-select\" data-required=\"true\">\t\n\t\t\t<h3>Frecuencia*<\/h3>\n\t\t\t<select class=\"fw-select\" data-search=\"false\" data-placeholder=\"-Seleccionar-\" data-required=\"true\">\n\t\t\t\t<option><\/option>\n\t\t\t\t\t\t\t\t<option id=\"fw-1-1-0-1-0\" type=\"select\" name=\"fw-1-1-0-1\">Mensual<\/option>\n\t\t\t\t\t\t\t\t<option id=\"fw-1-1-0-1-1\" type=\"select\" name=\"fw-1-1-0-1\">Bimensual<\/option>\n\t\t\t\t\t\t\t\t<option id=\"fw-1-1-0-1-2\" type=\"select\" name=\"fw-1-1-0-1\">Trimestral<\/option>\n\t\t\t\t\t\t\t\t<option id=\"fw-1-1-0-1-3\" type=\"select\" name=\"fw-1-1-0-1\">Semestral<\/option>\n\t\t\t\t\t\t\t\t<option id=\"fw-1-1-0-1-4\" type=\"select\" name=\"fw-1-1-0-1\">Anual<\/option>\n\t\t\t\t\t\t\t<\/select>\n\t\t<\/div>\n\t\t  \t\t\t\t\t\t\t\t\t<div class=\"fw-step-block\" data-blockId=\"1\" data-type=\"fw-select\" data-required=\"true\">\t\n\t\t\t<h3>Fecha de inicio de la domiciliaci\u00f3n*<\/h3>\n\t\t\t<select class=\"fw-select\" data-search=\"false\" data-placeholder=\"Mes\" data-required=\"true\">\n\t\t\t\t<option><\/option>\n\t\t\t\t\t\t\t\t<option id=\"fw-1-1-0-2-0\" type=\"select\" name=\"fw-1-1-0-2\">Ene<\/option>\n\t\t\t\t\t\t\t\t<option id=\"fw-1-1-0-2-1\" type=\"select\" name=\"fw-1-1-0-2\">Feb<\/option>\n\t\t\t\t\t\t\t\t<option id=\"fw-1-1-0-2-2\" type=\"select\" name=\"fw-1-1-0-2\">Mar<\/option>\n\t\t\t\t\t\t\t\t<option id=\"fw-1-1-0-2-3\" type=\"select\" name=\"fw-1-1-0-2\">Abr<\/option>\n\t\t\t\t\t\t\t\t<option id=\"fw-1-1-0-2-4\" type=\"select\" name=\"fw-1-1-0-2\">May<\/option>\n\t\t\t\t\t\t\t\t<option id=\"fw-1-1-0-2-5\" type=\"select\" name=\"fw-1-1-0-2\">Jun<\/option>\n\t\t\t\t\t\t\t\t<option id=\"fw-1-1-0-2-6\" type=\"select\" name=\"fw-1-1-0-2\">Jul<\/option>\n\t\t\t\t\t\t\t\t<option id=\"fw-1-1-0-2-7\" type=\"select\" name=\"fw-1-1-0-2\">Ago<\/option>\n\t\t\t\t\t\t\t\t<option id=\"fw-1-1-0-2-8\" type=\"select\" name=\"fw-1-1-0-2\">Sep<\/option>\n\t\t\t\t\t\t\t\t<option id=\"fw-1-1-0-2-9\" type=\"select\" name=\"fw-1-1-0-2\">Nov<\/option>\n\t\t\t\t\t\t\t\t<option id=\"fw-1-1-0-2-10\" type=\"select\" name=\"fw-1-1-0-2\">Dic<\/option>\n\t\t\t\t\t\t\t<\/select>\n\t\t<\/div>\n\t\t  \t\t\t\t\t\t\t\t\t<div class=\"fw-step-block\" data-blockId=\"1\" data-type=\"fw-text\" data-required=\"true\">\n\t\t\t<div class=\"fw-input-container\">\n\t\t\t\t<h3>IBAN<\/h3><input type=\"text\" class=\"fw-text-input\" data-id=\"text\"><span class=\"fa fa-pencil form-control-feedback\" aria-hidden=\"true\"><\/span>\n\t\t\t<\/div>\n\t\t\t<div class=\"fw-clearfix\"><\/div>\n\t\t<\/div>\n\t\t\t\t\t\t\t\t\t\t\t<div class=\"fw-step-block\" data-blockId=\"1\" data-type=\"fw-radio\" data-required=\"true\">\n\t\t\t\t\t\t\t\t<h3><\/h3>\n\t\t\t\t\t\t\t\t\t\t<span class=\"fw-choice fw-radio-row\">\n\t\t\t\t\t\t<input id=\"fw-1-1-0-4-1\" type=\"radio\" name=\"fw-1-1-0-4\" class=\"fw-radio\" data-id=\"1\">\n\t\t\t\t\t\t<label for=\"fw-1-1-0-4-1\" data-labelId=\"1\">Acepto la pol\u00edtica de privacidad.<\/label>\n\t\t\t\t\t<\/span>\n\t\t\t\t\t\t\t<\/div>\n\t\t\t\t\t\t<\/div>\n<\/div>\n\t\t\t\t\t\t\t\t\t\t<button type=\"button\" class=\"fw-btn-submit\">Enviar<\/button>\n\t\t\t\t\t\t\t\t\t\t\t\t<div class=\"fw-clearfix\"><\/div>\n\t\t\t\t\t<\/div>\n\t\t\t\t\t\t\t\t\t<\/div>\n\t\t\t<\/div>\n\t\t\t\t\t\t<div class=\"fw-wizard-button-container\">\n\t\t\t\t<div class=\"fw-container\">\n\t\t\t\t\t<div class=\"fw-wizard-buttons\">\n\t\t\t\t\t\t<button class=\"fw-button-previous\"><i class=\"fa fa-arrow-circle-left\" aria-hidden=\"true\"><\/i> &nbsp;Anterior<\/button>\n\t\t\t\t\t\t<button class=\"fw-button-next\">Siguiente &nbsp;<i class=\"fa fa-arrow-circle-right\" aria-hidden=\"true\"><\/i><\/button>\n\t\t\t\t\t<\/div>\n\t\t\t\t<\/div>\n\t\t\t<\/div>\n\t\t\t\t\t\t<div class=\"fw-alert-user\" style=\"display:none;\"><\/div>\n\t\t<\/div>\n\t\t\n<p>&nbsp;<\/p>\n<p>&nbsp;<\/p>\n","protected":false},"excerpt":{"rendered":"<p>Donaci\u00f3n econ\u00f3mica peri\u00f3dica &nbsp; &nbsp;<\/p>\n","protected":false},"author":1,"featured_media":0,"parent":0,"menu_order":0,"comment_status":"closed","ping_status":"closed","template":"","meta":{"footnotes":""},"class_list":["post-3795","page","type-page","status-publish","hentry"],"_links":{"self":[{"href":"https:\/\/www.bancoalimentostfe.org\/nueva\/wp-json\/wp\/v2\/pages\/3795","targetHints":{"allow":["GET"]}}],"collection":[{"href":"https:\/\/www.bancoalimentostfe.org\/nueva\/wp-json\/wp\/v2\/pages"}],"about":[{"href":"https:\/\/www.bancoalimentostfe.org\/nueva\/wp-json\/wp\/v2\/types\/page"}],"author":[{"embeddable":true,"href":"https:\/\/www.bancoalimentostfe.org\/nueva\/wp-json\/wp\/v2\/users\/1"}],"replies":[{"embeddable":true,"href":"https:\/\/www.bancoalimentostfe.org\/nueva\/wp-json\/wp\/v2\/comments?post=3795"}],"version-history":[{"count":4,"href":"https:\/\/www.bancoalimentostfe.org\/nueva\/wp-json\/wp\/v2\/pages\/3795\/revisions"}],"predecessor-version":[{"id":3802,"href":"https:\/\/www.bancoalimentostfe.org\/nueva\/wp-json\/wp\/v2\/pages\/3795\/revisions\/3802"}],"wp:attachment":[{"href":"https:\/\/www.bancoalimentostfe.org\/nueva\/wp-json\/wp\/v2\/media?parent=3795"}],"curies":[{"name":"wp","href":"https:\/\/api.w.org\/{rel}","templated":true}]}}