{"id":4167,"date":"2021-07-11T14:32:10","date_gmt":"2021-07-11T14:32:10","guid":{"rendered":"https:\/\/www.bancoalimentostfe.org\/nueva\/?page_id=4167"},"modified":"2025-11-17T09:39:30","modified_gmt":"2025-11-17T09:39:30","slug":"institucional","status":"publish","type":"page","link":"https:\/\/www.bancoalimentostfe.org\/nueva\/institucional\/","title":{"rendered":"Institucional"},"content":{"rendered":"<p>Este portal se ha creado siguiendo las indicaciones de\u00a0<a role=\"link\" href=\"https:\/\/transparenciacanarias.org\/\" target=\"_blank\" rel=\"noopener\" data-wahfont=\"14\">Comisionado de Transparencia del Gobierno de Canarias<\/a>\u00a0y en cumplimiento con la\u00a0<a role=\"link\" href=\"https:\/\/www.boe.es\/buscar\/doc.php?id=BOE-A-2015-1114\" target=\"_blank\" rel=\"noopener\" data-wahfont=\"14\">Ley 12\/2014, de 26 de diciembre, de transparencia y de acceso a la informaci\u00f3n p\u00fablica<\/a>, del Gobierno de Canarias.<\/p>\n<hr \/>\n<div class=\"arconix-toggle-wrap\"><div class=\"arconix-toggle-title toggle-closed\"><i class='fa fa-plus-square'><\/i><b>Informaci\u00f3n general<\/div><div class=\"arconix-toggle-content\">\n<p>La\u00a0 Asociaci\u00f3n Banco de Alimentos de Tenerife \u2013 BANCOTEIDE es una asociaci\u00f3n no gubernamental sin \u00e1nimo de lucro y declarada de Utilidad P\u00fablica en 2012, con el n\u00ba G1\/S1\/13768-06\/TF, constituida al amparo del art\u00edculo 22 de la Constituci\u00f3n Espa\u00f1ola y que se rige por la Ley Org\u00e1nica 1\/2002 de 22 de marzo, reguladora del Derecho de Asociaci\u00f3n, y por la Ley 4\/2003 de 28 de febrero, de Asociaciones del Gobierno de Canarias, y dem\u00e1s disposiciones complementarias as\u00ed como sus propios estatutos.<br \/>\nEntidad colaboradora en la prestaci\u00f3n de servicios sociales del Gobierno de Canarias con el n\u00ba SC\/TF\/08\/1003.<br \/>\nBancoteide es el \u00fanico Banco de Alimentos de la Provincia que forma parte de la Federaci\u00f3n Espa\u00f1ola de Banco de Alimentos (FESBAL), junto a otros 53 Bancos de Alimentos de nuestro pa\u00eds. Esta Federaci\u00f3n coordina nuestras actividades, facilitando las relaciones con los diferentes organismos de las Administraciones P\u00fablicas, as\u00ed como potenciando y fomentando las relaciones con las diferentes empresas e instituciones privadas cuyas aportaciones se nutren los Bancos de Alimentos, ya sea por las entregas de excedentes de producci\u00f3n o por sus donativos. Asimismo, FESBAL, en representaci\u00f3n de los Bancos de Alimentos de Espa\u00f1a, es\u00a0Premio Pr\u00edncipe de Asturias a la Concordia 2012\u00a0y\u00a0Premio\u00a0Alimentos de Espa\u00f1a\u00a02020\u00a0por su labor en la\u00a0lucha contra la pandemia del COVID-19.<br \/>\nNuestras oficinas y naves se encuentran ubicadas en el Mercatenerife, Urb.del Mayorazgo, en Santa Cruz de Tenerife. 38110.<\/p>\n<p>Fecha de revisi\u00f3n 17\/11\/2025<\/p>\n<\/div><\/div>\n<div class=\"arconix-toggle-wrap\"><div class=\"arconix-toggle-title toggle-closed\"><i class='fa fa-plus-square'><\/i>Hist\u00f3rica<\/div><div class=\"arconix-toggle-content\">\n<p>Los Bancos de Alimentos nacen en Arizona (Estados Unidos), en el a\u00f1o 1966. Su fundador fue John Van Hengel un voluntario activista de base. El propio van Hengel continu\u00f3 extendiendo el concepto por todo Estados Unidos, creando en 1976 lo que hoy se conoce como\u00a0Feeding America, una red de bancos de alimentos.<br \/>\nEn 1984 la iniciativa salt\u00f3 a Europa, concretamente en la ciudad de Par\u00eds hasta extenderse por diversos pa\u00edses europeos. Al a\u00f1o siguiente, naci\u00f3 la Federaci\u00f3n Europea de Bancos de Alimentos (FEBA).<br \/>\nEl primer banco de alimentos de Espa\u00f1a surgi\u00f3 en\u00a0Barcelona en 1987, de la mano de\u00a0Jordi Peix Massip entonces director general de Producci\u00f3n e Industrias Agroalimentarias de la\u00a0Generalitat de Catalu\u00f1a que hab\u00eda tomado contacto con los bancos de alimentos en Par\u00eds dos a\u00f1os antes. Tras esta iniciativa pionera, los bancos de alimentos se fueron extendiendo por Espa\u00f1a.<br \/>\nEn 1996, surgi\u00f3 la Federaci\u00f3n Espa\u00f1ola de Bancos de Alimentos (FESBAL) en Madrid, para agrupar y coordinar las organizaciones existentes.<br \/>\nFinalmente, en el 2006 se funda la Asociaci\u00f3n Banco de Alimentos de Tenerife, BancoTeide, con \u00e1mbito de actuaci\u00f3n provincial en las islas occidentales del archipi\u00e9lago.<\/p>\n<p>Fecha de revisi\u00f3n 17\/11\/2025<\/p>\n<\/div><\/div>\n<div class=\"arconix-toggle-wrap\"><div class=\"arconix-toggle-title toggle-closed\"><i class='fa fa-plus-square'><\/i>Econ\u00f3mica<\/div><div class=\"arconix-toggle-content\">\n<p>Bancoteide es una organizaci\u00f3n sin \u00e1nimo de lucro, apol\u00edtica y aconfesional. Su financiaci\u00f3n proviene de fondos p\u00fablicos de diferentes administraciones auton\u00f3micas, locales y municipales, tambi\u00e9n privada a trav\u00e9s de firmas de convenios y ayudas de entidades privadas, donaciones por campa\u00f1as solidarias, cuotas de socios, bonos solidarios y otras de car\u00e1cter similar).<br \/>\nPuedes ampliar esta informaci\u00f3n en la pesta\u00f1a de <a href=\"https:\/\/www.bancoalimentostfe.org\/nueva\/economica-financiera\/\">econ\u00f3mico<\/a><\/p>\n<p>Fecha de revisi\u00f3n 17\/11\/2025<\/p>\n<\/div><\/div>\n","protected":false},"excerpt":{"rendered":"<p>Este portal se ha creado siguiendo las indicaciones de\u00a0Comisionado de Transparencia del Gobierno de Canarias\u00a0y en cumplimiento con la\u00a0Ley 12\/2014, de 26 de diciembre, de transparencia y de acceso a la informaci\u00f3n p\u00fablica, del Gobierno de Canarias.<\/p>\n","protected":false},"author":1,"featured_media":0,"parent":0,"menu_order":0,"comment_status":"closed","ping_status":"closed","template":"","meta":{"footnotes":""},"class_list":["post-4167","page","type-page","status-publish","hentry"],"_links":{"self":[{"href":"https:\/\/www.bancoalimentostfe.org\/nueva\/wp-json\/wp\/v2\/pages\/4167","targetHints":{"allow":["GET"]}}],"collection":[{"href":"https:\/\/www.bancoalimentostfe.org\/nueva\/wp-json\/wp\/v2\/pages"}],"about":[{"href":"https:\/\/www.bancoalimentostfe.org\/nueva\/wp-json\/wp\/v2\/types\/page"}],"author":[{"embeddable":true,"href":"https:\/\/www.bancoalimentostfe.org\/nueva\/wp-json\/wp\/v2\/users\/1"}],"replies":[{"embeddable":true,"href":"https:\/\/www.bancoalimentostfe.org\/nueva\/wp-json\/wp\/v2\/comments?post=4167"}],"version-history":[{"count":26,"href":"https:\/\/www.bancoalimentostfe.org\/nueva\/wp-json\/wp\/v2\/pages\/4167\/revisions"}],"predecessor-version":[{"id":4617,"href":"https:\/\/www.bancoalimentostfe.org\/nueva\/wp-json\/wp\/v2\/pages\/4167\/revisions\/4617"}],"wp:attachment":[{"href":"https:\/\/www.bancoalimentostfe.org\/nueva\/wp-json\/wp\/v2\/media?parent=4167"}],"curies":[{"name":"wp","href":"https:\/\/api.w.org\/{rel}","templated":true}]}}