{"id":4197,"date":"2021-07-11T15:36:43","date_gmt":"2021-07-11T15:36:43","guid":{"rendered":"https:\/\/www.bancoalimentostfe.org\/nueva\/?page_id=4197"},"modified":"2026-01-28T00:16:16","modified_gmt":"2026-01-28T00:16:16","slug":"contratos","status":"publish","type":"page","link":"https:\/\/www.bancoalimentostfe.org\/nueva\/contratos\/","title":{"rendered":"Contratos y convenios"},"content":{"rendered":"<div class=\"vce-row-container\" data-vce-boxed-width=\"true\"><div class=\"vce-row vce-row--col-gap-30 vce-row-equal-height vce-row-content--top\" id=\"el-8ea2b1eb\" data-vce-do-apply=\"all el-8ea2b1eb\"><div class=\"vce-row-content\" data-vce-element-content=\"true\"><div class=\"vce-col vce-col--md-auto vce-col--xs-1 vce-col--xs-last vce-col--xs-first vce-col--sm-last vce-col--sm-first vce-col--md-last vce-col--lg-last vce-col--xl-last vce-col--md-first vce-col--lg-first vce-col--xl-first\" id=\"el-5986bf2a\"><div class=\"vce-col-inner\" data-vce-do-apply=\"border margin background  el-5986bf2a\"><div class=\"vce-col-content\" data-vce-element-content=\"true\" data-vce-do-apply=\"padding el-5986bf2a\"><div class=\"vce-text-block\"><div class=\"vce-text-block-wrapper vce\" id=\"el-fa82d8a5\" data-vce-do-apply=\"all el-fa82d8a5\"><h2><strong>Contratos y convenios<\/strong><\/h2><p>La entidad no ha modificado ni efectuado adendas de los convenios con administraciones p\u00fablicas vigentes en el periodo evaluado del a\u00f1o 2024.<\/p><p>&nbsp;<\/p><ul><li><a href=\"https:\/\/www.bancoalimentostfe.org\/nueva\/wp-content\/uploads\/2026\/01\/CONVENIOS.pdf\">Convenios<\/a> - Fecha de revisi\u00f3n 17\/01\/2026<\/li><li><a href=\"https:\/\/www.bancoalimentostfe.org\/nueva\/wp-content\/uploads\/2026\/01\/CONVENIOS.odt\">Convenios (ODT)<\/a> - Fecha de revisi\u00f3n 17\/01\/2026<\/li><\/ul><\/div><\/div><\/div><\/div><\/div><\/div><\/div><\/div>\n","protected":false},"excerpt":{"rendered":"<p>Contratos y conveniosLa entidad no ha modificado ni efectuado adendas de los convenios con administraciones p\u00fablicas vigentes en el periodo evaluado del a\u00f1o 2024.&nbsp;Convenios &#8211; Fecha de revisi\u00f3n 17\/01\/2026Convenios (ODT) &#8211; Fecha de revisi\u00f3n 17\/01\/2026<\/p>\n","protected":false},"author":1,"featured_media":0,"parent":0,"menu_order":0,"comment_status":"closed","ping_status":"closed","template":"","meta":{"footnotes":""},"class_list":["post-4197","page","type-page","status-publish","hentry"],"_links":{"self":[{"href":"https:\/\/www.bancoalimentostfe.org\/nueva\/wp-json\/wp\/v2\/pages\/4197","targetHints":{"allow":["GET"]}}],"collection":[{"href":"https:\/\/www.bancoalimentostfe.org\/nueva\/wp-json\/wp\/v2\/pages"}],"about":[{"href":"https:\/\/www.bancoalimentostfe.org\/nueva\/wp-json\/wp\/v2\/types\/page"}],"author":[{"embeddable":true,"href":"https:\/\/www.bancoalimentostfe.org\/nueva\/wp-json\/wp\/v2\/users\/1"}],"replies":[{"embeddable":true,"href":"https:\/\/www.bancoalimentostfe.org\/nueva\/wp-json\/wp\/v2\/comments?post=4197"}],"version-history":[{"count":16,"href":"https:\/\/www.bancoalimentostfe.org\/nueva\/wp-json\/wp\/v2\/pages\/4197\/revisions"}],"predecessor-version":[{"id":4700,"href":"https:\/\/www.bancoalimentostfe.org\/nueva\/wp-json\/wp\/v2\/pages\/4197\/revisions\/4700"}],"wp:attachment":[{"href":"https:\/\/www.bancoalimentostfe.org\/nueva\/wp-json\/wp\/v2\/media?parent=4197"}],"curies":[{"name":"wp","href":"https:\/\/api.w.org\/{rel}","templated":true}]}}