{"id":4420,"date":"2022-07-20T18:48:05","date_gmt":"2022-07-20T18:48:05","guid":{"rendered":"https:\/\/www.bancoalimentostfe.org\/nueva\/?page_id=4420"},"modified":"2022-07-20T18:48:05","modified_gmt":"2022-07-20T18:48:05","slug":"nota-de-prensa-donacion","status":"publish","type":"page","link":"https:\/\/www.bancoalimentostfe.org\/nueva\/nota-de-prensa-donacion\/","title":{"rendered":"Nota de Prensa Donaci\u00f3n"},"content":{"rendered":"<h6><span style=\"color: #ff0000;\"><strong>El Banco de Alimentos de Tenerife podr\u00e1 seguir repartiendo alimentos perecederos gracias a la donaci\u00f3n de cuatro fundaciones<\/strong><\/span><\/h6>\n<ul>\n<li><strong>Las Fundaciones <span style=\"color: #0000ff;\">Reina Sof\u00eda, Cepsa, Jes\u00fas Serra y La Caixa,<\/span> colaboran en la adquisici\u00f3n\u00a0<\/strong><strong>de un cami\u00f3n isotermo<\/strong><\/li>\n<li><strong>El veh\u00edculo juega un papel clave de cara al suministro a las 122 entidades encargadas del reparto de alimentos a los sectores m\u00e1s vulnerables<\/strong><\/li>\n<\/ul>\n<p><strong>\u00a0<\/strong><\/p>\n<p>Las Fundaciones Reina Sof\u00eda, Cepsa, Jes\u00fas Serra y La Caixa, han participado en la compra de un cami\u00f3n isotermo de gran envergadura que permitir\u00e1 al Banco de Alimentos de Tenerife la recogida de productos perecederos destinados a los colectivos m\u00e1s vulnerables.<\/p>\n<p>Gracias a esta donaci\u00f3n, los excedentes del sector alimentario, cedidos por fabricantes, supermercados y distribuidores de la Isla, podr\u00e1n ser recogidos para su traslado a la nave del Banco de Alimentos ubicada en la capital tinerfe\u00f1a, donde acuden las 122 entidades encargadas de su reparto directo a las familias m\u00e1s necesitadas y a los centros que lo requieren.<\/p>\n<p>De esta forma, se solventa una carencia que se ha venido arrastrando desde hace meses, despu\u00e9s de que la entidad se viera obligada a dar de baja por obsolescencia el cami\u00f3n isotermo con el que ha venido prestando el servicio durante trece a\u00f1os.<\/p>\n<p>El inicio de la actividad del nuevo veh\u00edculo, adquirido en virtud de la solidaridad de las cuatro fundaciones mencionadas, se ha visto afectado por el retraso acumulado en su fabricaci\u00f3n, como consecuencia de la escasez de componentes electr\u00f3nicos existente a nivel mundial.<\/p>\n<p>Al encuentro para presentar el veh\u00edculo acudieron la concejala de Servicios Sociales del Ayuntamiento de Santa Cruz y Presidenta del IMAS, Rosario Gonz\u00e1lez; la responsable de Fundaci\u00f3n Cepsa en Canarias, Bel\u00e9n Machado; P\u00eda Serra, en representaci\u00f3n de la Fundaci\u00f3n Jes\u00fas Serra; el director del \u00e1rea de Negocios de Caixabank, Jes\u00fas Carlos \u00c1lvarez; y Alexis Barreto, Coordinador vendors zona Canarias, en representaci\u00f3n de Fundaci\u00f3n la Caixa<\/p>\n<p>El presidente, el vicepresidente y la secretaria del Banco de Alimentos de Tenerife, Hern\u00e1n Cer\u00f3n, Juan Gerardo Krawietz y Mercedes Lecuona, respectivamente, estuvieron, adem\u00e1s, acompa\u00f1ados en el acto por el gerente de Mercatenerife, Alejandro Fern\u00e1ndez.<\/p>\n<p>Hern\u00e1n Cer\u00f3n destac\u00f3 la r\u00e1pida respuesta dada por las cuatro Fundaciones que han hecho posible la compra, \u201csin cuya ayuda\u201d, precis\u00f3, \u201cno habr\u00eda sido posible\u201d. A su vez, manifest\u00f3 que esta respuesta \u201cconfirma, una vez m\u00e1s, su solidaridad y generosidad con las familias necesitadas de nuestra provincia\u201d.<\/p>\n<p>El nuevo veh\u00edculo isotermo, que tiene una capacidad de 5.800 kilos\u00a0, supone una importante ayuda para que el Banco de Alimentos pueda desarrollar su trabajo, en especial en lo relativo a la recogida de excedentes alimentarios perecederos, aunque tambi\u00e9n servir\u00e1 en momentos puntuales para el reparto de los alimentos que proceden del Plan FEAD (Fondo Europeo Ayuda al Desfavorecido)<\/p>\n<p><span style=\"color: #0000ff;\">El Banco de Alimentos de Tenerife reparti\u00f3 en 2021 un total de 2.370.000 kilos de alimentos, de los cuales 522.000 kilos eran perecederos, cifra que esperan incrementar gracias a la incorporaci\u00f3n del nuevo cami\u00f3n isotermo.<\/span><\/p>\n<table>\n<tbody>\n<tr>\n<td width=\"576\"><img loading=\"lazy\" decoding=\"async\" class=\"size-medium wp-image-4421 aligncenter\" src=\"https:\/\/www.bancoalimentostfe.org\/nueva\/wp-content\/uploads\/2022\/07\/Foto-3-Donaci\u00f3n-300x300.jpg\" alt=\"\" width=\"300\" height=\"300\" srcset=\"https:\/\/www.bancoalimentostfe.org\/nueva\/wp-content\/uploads\/2022\/07\/Foto-3-Donaci\u00f3n-300x300.jpg 300w, https:\/\/www.bancoalimentostfe.org\/nueva\/wp-content\/uploads\/2022\/07\/Foto-3-Donaci\u00f3n-150x150.jpg 150w, https:\/\/www.bancoalimentostfe.org\/nueva\/wp-content\/uploads\/2022\/07\/Foto-3-Donaci\u00f3n.jpg 554w\" sizes=\"auto, (max-width: 300px) 100vw, 300px\" \/><\/td>\n<\/tr>\n<\/tbody>\n<\/table>\n","protected":false},"excerpt":{"rendered":"<p>El Banco de Alimentos de Tenerife podr\u00e1 seguir repartiendo alimentos perecederos gracias a la donaci\u00f3n de cuatro fundaciones Las Fundaciones Reina Sof\u00eda, Cepsa, Jes\u00fas Serra y La Caixa, colaboran en la adquisici\u00f3n\u00a0de un cami\u00f3n isotermo El veh\u00edculo juega un papel clave de cara al suministro a las 122 entidades encargadas del reparto de alimentos a los sectores m\u00e1s vulnerables \u00a0 Las Fundaciones Reina Sof\u00eda, Cepsa, Jes\u00fas Serra y La Caixa, han participado en la compra de un cami\u00f3n isotermo de&hellip;<\/p>\n","protected":false},"author":3,"featured_media":0,"parent":0,"menu_order":0,"comment_status":"closed","ping_status":"closed","template":"","meta":{"footnotes":""},"class_list":["post-4420","page","type-page","status-publish","hentry"],"_links":{"self":[{"href":"https:\/\/www.bancoalimentostfe.org\/nueva\/wp-json\/wp\/v2\/pages\/4420","targetHints":{"allow":["GET"]}}],"collection":[{"href":"https:\/\/www.bancoalimentostfe.org\/nueva\/wp-json\/wp\/v2\/pages"}],"about":[{"href":"https:\/\/www.bancoalimentostfe.org\/nueva\/wp-json\/wp\/v2\/types\/page"}],"author":[{"embeddable":true,"href":"https:\/\/www.bancoalimentostfe.org\/nueva\/wp-json\/wp\/v2\/users\/3"}],"replies":[{"embeddable":true,"href":"https:\/\/www.bancoalimentostfe.org\/nueva\/wp-json\/wp\/v2\/comments?post=4420"}],"version-history":[{"count":1,"href":"https:\/\/www.bancoalimentostfe.org\/nueva\/wp-json\/wp\/v2\/pages\/4420\/revisions"}],"predecessor-version":[{"id":4422,"href":"https:\/\/www.bancoalimentostfe.org\/nueva\/wp-json\/wp\/v2\/pages\/4420\/revisions\/4422"}],"wp:attachment":[{"href":"https:\/\/www.bancoalimentostfe.org\/nueva\/wp-json\/wp\/v2\/media?parent=4420"}],"curies":[{"name":"wp","href":"https:\/\/api.w.org\/{rel}","templated":true}]}}