{"id":4438,"date":"2022-07-28T09:16:47","date_gmt":"2022-07-28T09:16:47","guid":{"rendered":"https:\/\/www.bancoalimentostfe.org\/nueva\/?page_id=4438"},"modified":"2026-01-27T09:34:17","modified_gmt":"2026-01-27T09:34:17","slug":"politica-de-transparencia-y-buenas-practicas","status":"publish","type":"page","link":"https:\/\/www.bancoalimentostfe.org\/nueva\/politica-de-transparencia-y-buenas-practicas\/","title":{"rendered":"Pol\u00edtica de transparencia y Buenas pr\u00e1cticas"},"content":{"rendered":"<div class=\"vce-row-container\" data-vce-boxed-width=\"true\"><div class=\"vce-row vce-row--col-gap-30 vce-row-equal-height vce-row-content--top\" id=\"el-3ce7ddb1\" data-vce-do-apply=\"all el-3ce7ddb1\"><div class=\"vce-row-content\" data-vce-element-content=\"true\"><div class=\"vce-col vce-col--md-auto vce-col--xs-1 vce-col--xs-last vce-col--xs-first vce-col--sm-last vce-col--sm-first vce-col--md-last vce-col--lg-last vce-col--xl-last vce-col--md-first vce-col--lg-first vce-col--xl-first\" id=\"el-2270d3c8\"><div class=\"vce-col-inner\" data-vce-do-apply=\"border margin background  el-2270d3c8\"><div class=\"vce-col-content\" data-vce-element-content=\"true\" data-vce-do-apply=\"padding el-2270d3c8\"><div class=\"vce-text-block\"><div class=\"vce-text-block-wrapper vce\" id=\"el-59927e12\" data-vce-do-apply=\"all el-59927e12\"><h2><strong>Pol\u00edtica de transparencia y Buenas pr\u00e1cticas<\/strong><\/h2><p><div class=\"arconix-toggle-wrap\"><div class=\"arconix-toggle-title toggle-closed\"><i class='fa fa-plus-square'><\/i>Transparencia y buenas pr\u00e1cticas<\/div><div class=\"arconix-toggle-content\"><p>TRANSPARENCIA EN LA GESTI\u00d3N Y LA INFORMACI\u00d3N<\/p><p style=\"text-align: justify;\">Para nosotros, la&nbsp;<strong>claridad<\/strong>&nbsp;y la&nbsp;<strong>transparencia<\/strong>&nbsp;son esenciales&nbsp;para llevar a cabo nuestra labor social de cara al p\u00fablico, a nuestros donantes, a las instituciones p\u00fablicas y privadas y a los receptores.<\/p><p style=\"text-align: justify;\">El Banco de Alimentos aplica mecanismos de transparencia en la gesti\u00f3n orientados hacia la rendici\u00f3n de cuentas, ante sus donantes, colaboradores, beneficiarios y el conjunto de la sociedad.&nbsp; El Banco de Alimentos se compromete a ser transparente con su estructura, pol\u00edticas, objetivos y actividades, as\u00ed como con la gesti\u00f3n administrativa y financiera de la organizaci\u00f3n. Para ello se facilita informaci\u00f3n precisa, comprensible, peri\u00f3dica y accesible sobre estos aspectos.&nbsp; Para cumplir con los criterios de responsabilidad y transparencia en la gesti\u00f3n ante sus donantes, colaboradores, beneficiarios y el conjunto de la sociedad, El Banco de Alimentos mantiene y confecciona la siguiente informaci\u00f3n:<\/p><ul style=\"text-align: justify;\"><li>Los Balances, la Memoria y auditor\u00edas de cuentas anuales y de proyectos.<\/li><li>Las redes de entidades de las que forma parte.<\/li><li>A trav\u00e9s de las redes sociales en Internet y de medios de comunicaci\u00f3n el Banco de Alimentos publica peri\u00f3dicamente informaci\u00f3n actualizada sobre sus actividades y proyectos.<\/li><\/ul><p style=\"text-align: justify;\">C\u00d3DIGOS \u00c9TICOS<\/p><p style=\"text-align: justify;\">BANCO DE ALIMENTOS contiene los principios b\u00e1sicos sobre los que se asientan las actividades de la organizaci\u00f3n. Este c\u00f3digo establece un marco de conducta para garantizar la coherencia entre las acciones del BANCO DE ALIMENTOS y su ideario institucional.<\/p><p style=\"text-align: justify;\">PRINCIPIOS GENERALES DE LA ACTUACI\u00d3N DEL BANCO DE ALIMENTOS<\/p><p style=\"text-align: justify;\">El Banco de Alimentos se rige por este c\u00f3digo de \u00e9tica para contribuir a los objetivos establecidos en su misi\u00f3n:<\/p><ul style=\"text-align: justify;\"><li>Aportar a la soluci\u00f3n de los problemas del hambre, de la marginaci\u00f3n y de la pobreza.<\/li><li>Despertar en la sociedad una conciencia solidaria capaz de ayudar a quienes carecen de los medios indispensables para su manutenci\u00f3n y desarrollo.<\/li><li>Realizar una obra de inter\u00e9s general y de bien com\u00fan, destinada a recuperar y valorizar socialmente los excedentes de empresas o entidades que produzcan bienes y\/o servicios que puedan satisfacer las necesidades b\u00e1sicas de personas carenciadas.<\/li><li>Promover el cambio social sostenible.<\/li><li>Incidir en las causas de la pobreza y las desigualdades.<\/li><\/ul><p style=\"text-align: justify;\">Aqu\u00ed puedes encontrar los principios por los que nos regimos y nuestra pol\u00edtica de calidad<\/p><ul><li><a href=\"https:\/\/www.bancoalimentostfe.org\/nueva\/wp-content\/uploads\/2022\/07\/POLI\u0301TICA-DE-CALIDAD.pdf\" target=\"_blank\" rel=\"noopener\">Pol\u00edtica de calidad<\/a> \u2013 Fecha de revisi\u00f3n 17\/11\/2025<\/li><li><a href=\"https:\/\/www.bancoalimentostfe.org\/nueva\/wp-content\/uploads\/2024\/07\/Politica-de-calidad.odt\" target=\"_blank\" rel=\"noopener\">Pol\u00edtica de calidad(ODT)<\/a> \u2013 Fecha de revisi\u00f3n 17\/11\/2025<\/li><li><a href=\"https:\/\/www.bancoalimentostfe.org\/nueva\/wp-content\/uploads\/2026\/01\/CODIGO-ETICO-Y-DE-BUENAS-PRACTICAS.odt\" target=\"_blank\" rel=\"noopener\">C\u00f3digo de Buenas pr\u00e1cticas<\/a>(ODT) \u2013 Fecha de revisi\u00f3n 17\/12\/2025<\/li><li><a href=\"https:\/\/www.bancoalimentostfe.org\/nueva\/wp-content\/uploads\/2026\/01\/CODIGO-ETICO-Y-DE-BUENAS-PRACTICAS.pdf\" target=\"_blank\" rel=\"noopener\">C\u00f3digo de Buenas pr\u00e1cticas<\/a> \u2013 Fecha de revisi\u00f3n 17\/12\/2025<\/li><li><a href=\"https:\/\/www.bancoalimentostfe.org\/nueva\/wp-content\/uploads\/2026\/01\/POLITICA-ANTICORRUPCION-BANCOTEIDE.pdf\" target=\"_blank\" rel=\"noopener\">Pol\u00edtica Anticorrupci\u00f3n<\/a> \u2013 Fecha de revisi\u00f3n 17\/12\/2025<\/li><li><a href=\"https:\/\/www.bancoalimentostfe.org\/nueva\/wp-content\/uploads\/2026\/01\/POLITICA-ANTICORRUPCION-BANCOTEIDE.odt\" target=\"_blank\" rel=\"noopener\">Pol\u00edtica Anticorrupci\u00f3n<\/a> (ODT)\u2013 Fecha de revisi\u00f3n 17\/12\/2025<\/li><\/ul><\/div><\/div><\/p><p><div class=\"arconix-toggle-wrap\"><div class=\"arconix-toggle-title toggle-closed\"><i class='fa fa-plus-square'><\/i>Informes de evaluaci\u00f3n de transparencia<\/div><div class=\"arconix-toggle-content\"><ul><li><a href=\"https:\/\/www.bancoalimentostfe.org\/nueva\/wp-content\/uploads\/2026\/01\/INFORME-DE-TRANSPARENCIA.pdf\" target=\"_blank\" rel=\"noopener\">Informe evaluaci\u00f3n transparencia 2023<\/a> \u2013 Fecha de revisi\u00f3n 17\/12\/2024<\/li><li><a href=\"https:\/\/www.bancoalimentostfe.org\/nueva\/wp-content\/uploads\/2026\/01\/INFORME-DE-TRANSPARENCIA.odt\" target=\"_blank\" rel=\"noopener\">Informe evaluaci\u00f3n transparencia 2023 (ODT)<\/a> \u2013 Fecha de revisi\u00f3n 17\/12\/2024<\/li><\/ul><ul><li><a href=\"https:\/\/www.bancoalimentostfe.org\/nueva\/wp-content\/uploads\/2025\/11\/7-Resultado-de-la-evaluacion-del-grado-de-transparencia-2023.pdf\" target=\"_blank\" rel=\"noopener\">Resultados evaluaci\u00f3n transparencia 2023<\/a> \u2013 Fecha de revisi\u00f3n 17\/11\/2025<\/li><li><a href=\"https:\/\/www.bancoalimentostfe.org\/nueva\/wp-content\/uploads\/2025\/11\/7.1-Resultado-de-la-evaluacion-del-grado-de-transparencia-2023.odt\" target=\"_blank\" rel=\"noopener\">Resultados evaluaci\u00f3n transparencia 2023(ODT)<\/a> \u2013 Fecha de revisi\u00f3n 17\/11\/2025<\/li><li><a href=\"https:\/\/bancoalimentostfe.org\/nueva\/wp-content\/uploads\/2024\/05\/Informe_evaluacio%CC%81n_transparencia_2021.pdf\" target=\"_blank\" rel=\"noopener\">Resultados evaluaci\u00f3n transparencia 2021<\/a>&nbsp;\u2013 Fecha de revisi\u00f3n 28\/05\/2024<\/li><li><a href=\"https:\/\/www.bancoalimentostfe.org\/nueva\/wp-content\/uploads\/2024\/07\/Informe-evaluacion-transparencia-2021.odt\" target=\"_blank\" rel=\"noopener\">Resultados evaluaci\u00f3n transparencia 2021(ODT)<\/a>&nbsp;\u2013 Fecha de revisi\u00f3n 28\/05\/2024<\/li><li><a href=\"https:\/\/www.bancoalimentostfe.org\/nueva\/wp-content\/uploads\/2024\/07\/Borrador-informe-evaluacion-transparencia-2022-2023.odt\" target=\"_blank\" rel=\"noopener\">Borrador informe evaluaci\u00f3n transparencia 2022\/2023(ODT)<\/a>&nbsp;\u2013 Fecha de revisi\u00f3n 28\/05\/2024<\/li><li><a href=\"https:\/\/bancoalimentostfe.org\/nueva\/wp-content\/uploads\/2024\/05\/BORRADOR%20INFORME%20EVALUACION%20TRANSPARENCIA%202022-2023.pdf\" target=\"_blank\" rel=\"noopener\">Borrador informe evaluaci\u00f3n transparencia 2022\/2023<\/a>&nbsp;\u2013 Fecha de revisi\u00f3n 28\/05\/2024<\/li><\/ul><\/div><\/div><\/p><\/div><\/div><\/div><\/div><\/div><\/div><\/div><\/div>\n","protected":false},"excerpt":{"rendered":"<p>Pol\u00edtica de transparencia y Buenas pr\u00e1cticas<\/p>\n","protected":false},"author":1,"featured_media":0,"parent":0,"menu_order":0,"comment_status":"closed","ping_status":"closed","template":"","meta":{"footnotes":""},"class_list":["post-4438","page","type-page","status-publish","hentry"],"_links":{"self":[{"href":"https:\/\/www.bancoalimentostfe.org\/nueva\/wp-json\/wp\/v2\/pages\/4438","targetHints":{"allow":["GET"]}}],"collection":[{"href":"https:\/\/www.bancoalimentostfe.org\/nueva\/wp-json\/wp\/v2\/pages"}],"about":[{"href":"https:\/\/www.bancoalimentostfe.org\/nueva\/wp-json\/wp\/v2\/types\/page"}],"author":[{"embeddable":true,"href":"https:\/\/www.bancoalimentostfe.org\/nueva\/wp-json\/wp\/v2\/users\/1"}],"replies":[{"embeddable":true,"href":"https:\/\/www.bancoalimentostfe.org\/nueva\/wp-json\/wp\/v2\/comments?post=4438"}],"version-history":[{"count":13,"href":"https:\/\/www.bancoalimentostfe.org\/nueva\/wp-json\/wp\/v2\/pages\/4438\/revisions"}],"predecessor-version":[{"id":4683,"href":"https:\/\/www.bancoalimentostfe.org\/nueva\/wp-json\/wp\/v2\/pages\/4438\/revisions\/4683"}],"wp:attachment":[{"href":"https:\/\/www.bancoalimentostfe.org\/nueva\/wp-json\/wp\/v2\/media?parent=4438"}],"curies":[{"name":"wp","href":"https:\/\/api.w.org\/{rel}","templated":true}]}}